{"id":5295,"date":"2021-06-03T09:10:45","date_gmt":"2021-06-03T07:10:45","guid":{"rendered":"https:\/\/www.lesjouetsvoyageurs.com\/?post_type=product&#038;p=5295"},"modified":"2022-09-18T16:48:27","modified_gmt":"2022-09-18T14:48:27","slug":"arrosoir-scrunch","status":"publish","type":"product","link":"https:\/\/www.lesjouetsvoyageurs.com\/location\/jouets\/arrosoir-scrunch\/","title":{"rendered":"Arrosoir Scrunch pour la plage le jardin et m\u00eame le bain !"},"content":{"rendered":"<p>L&rsquo;arrosoir Scrunch est con\u00e7u en silicone alimentaire et accompagnera votre enfant \u00e0 la plage, dans le jardin et m\u00eame dans le bain ! Incassable, sa texture permet de le rouler et de le plier pour le glisser dans un sac et il reprendra toujours sa forme.<\/p>\n<p>L&rsquo;arrosoir Scrunch est disponible dans trois coloris actuellement (menthe, gris, moutarde) et vous pourrez recevoir l&rsquo;une ou l&rsquo;autre de ces diff\u00e9rentes couleurs.<\/p>\n<p>Envie d&rsquo;en savoir plus sur les engagements de la marque?<br \/>\n\ud83d\udc49 Consultez la pr\u00e9sentation de Scrunch.<\/p>\n<p><span style=\"font-size: 14.4px;\">\ud83d\udc95 Adapt\u00e9 aux enfants d\u00e8s 1 an<\/span><\/p>\n<p>LE PRIX ABONN\u00c9 C&rsquo;EST QUOI?<br \/>\nVous avez un coup de coeur pour un jouet propos\u00e9 \u00e0 la location?<br \/>\nNous vous proposons de garder chaque jouet lou\u00e9 \u00e0 un prix pr\u00e9f\u00e9rentiel, clairement indiqu\u00e9 sur chaque fiche.<\/p>\n","protected":false},"excerpt":{"rendered":"<p>Arrosoir Scrunch en silicone alimentaire<\/p>\n<p>\u2764 A utiliser \u00e0 la plage, au jardin ou dans le bain<br \/>\n\u2764 Incassable et facile \u00e0 ranger<br \/>\n\u2764 <span style=\"font-size: 14.4px;\">En silicone de qualit\u00e9 alimentaire \ud83c\udf3f<\/span><\/p>\n","protected":false},"featured_media":5296,"template":"","meta":[],"product_cat":[15],"product_tag":[],"_links":{"self":[{"href":"https:\/\/www.lesjouetsvoyageurs.com\/location\/wp-json\/wp\/v2\/product\/5295"}],"collection":[{"href":"https:\/\/www.lesjouetsvoyageurs.com\/location\/wp-json\/wp\/v2\/product"}],"about":[{"href":"https:\/\/www.lesjouetsvoyageurs.com\/location\/wp-json\/wp\/v2\/types\/product"}],"wp:featuredmedia":[{"embeddable":true,"href":"https:\/\/www.lesjouetsvoyageurs.com\/location\/wp-json\/wp\/v2\/media\/5296"}],"wp:attachment":[{"href":"https:\/\/www.lesjouetsvoyageurs.com\/location\/wp-json\/wp\/v2\/media?parent=5295"}],"wp:term":[{"taxonomy":"product_cat","embeddable":true,"href":"https:\/\/www.lesjouetsvoyageurs.com\/location\/wp-json\/wp\/v2\/product_cat?post=5295"},{"taxonomy":"product_tag","embeddable":true,"href":"https:\/\/www.lesjouetsvoyageurs.com\/location\/wp-json\/wp\/v2\/product_tag?post=5295"}],"curies":[{"name":"wp","href":"https:\/\/api.w.org\/{rel}","templated":true}]}}