{"id":5299,"date":"2021-06-03T13:31:57","date_gmt":"2021-06-03T11:31:57","guid":{"rendered":"https:\/\/www.lesjouetsvoyageurs.com\/?post_type=product&#038;p=5299"},"modified":"2022-09-18T16:47:56","modified_gmt":"2022-09-18T14:47:56","slug":"le-toboggan-marcel-et-joachim","status":"publish","type":"product","link":"https:\/\/www.lesjouetsvoyageurs.com\/location\/jouets\/le-toboggan-marcel-et-joachim\/","title":{"rendered":"Livre \u00ab\u00a0Le Toboggan\u00a0\u00bb de Marcel et Joachim"},"content":{"rendered":"<p>Un tr\u00e8s joli imagier sur le th\u00e8me du toboggan aquatique. Dedans et dehors, chaud et froid, en haut et en bas, lent et rapide, \u00e0 l&rsquo;endroit et \u00e0 l&rsquo;envers&#8230; Chaque double page explore la notion de contraires. Un livre cartonn\u00e9 qui nous fait craquer \u00e0 mettre dans les mains des petits d\u00e8s 2 ans et demi environ !<\/p>\n<p>Avec ce livre, partagez une apr\u00e8s-midi \u00e0 la piscine avec votre tout-petit et revivez avec lui la joie des toboggans et des pieds dans l&rsquo;eau.<\/p>\n<p>Envie d&rsquo;en savoir plus sur les engagements de la marque?<br \/>\n\ud83d\udc49 Consultez la pr\u00e9sentation de Marcel et Joachim.<\/p>\n<p><span style=\"font-size: 14.4px;\">\ud83d\udc95 Pour les enfants d\u00e8s 2 ans<\/span><\/p>\n<p>LE PRIX ABONN\u00c9 C&rsquo;EST QUOI?<br \/>\nVous avez un coup de coeur pour un jouet propos\u00e9 \u00e0 la location?<br \/>\nNous vous proposons de garder chaque jouet lou\u00e9 \u00e0 un prix pr\u00e9f\u00e9rentiel, clairement indiqu\u00e9 sur chaque fiche.<\/p>\n","protected":false},"excerpt":{"rendered":"<p>Le toboggan aux \u00e9ditions Marcel et Joachim<\/p>\n<p>\u2764 Un imagier cartonn\u00e9 d\u00e8s 2 ans<br \/>\n\u2764 Illustr\u00e9 par la talentueuse Elsa Fouquier<br \/>\n\u2764 <span style=\"font-size: 14.4px;\">Pour aborder la notion des contraires<\/span><\/p>\n","protected":false},"featured_media":5300,"template":"","meta":[],"product_cat":[15],"product_tag":[],"_links":{"self":[{"href":"https:\/\/www.lesjouetsvoyageurs.com\/location\/wp-json\/wp\/v2\/product\/5299"}],"collection":[{"href":"https:\/\/www.lesjouetsvoyageurs.com\/location\/wp-json\/wp\/v2\/product"}],"about":[{"href":"https:\/\/www.lesjouetsvoyageurs.com\/location\/wp-json\/wp\/v2\/types\/product"}],"wp:featuredmedia":[{"embeddable":true,"href":"https:\/\/www.lesjouetsvoyageurs.com\/location\/wp-json\/wp\/v2\/media\/5300"}],"wp:attachment":[{"href":"https:\/\/www.lesjouetsvoyageurs.com\/location\/wp-json\/wp\/v2\/media?parent=5299"}],"wp:term":[{"taxonomy":"product_cat","embeddable":true,"href":"https:\/\/www.lesjouetsvoyageurs.com\/location\/wp-json\/wp\/v2\/product_cat?post=5299"},{"taxonomy":"product_tag","embeddable":true,"href":"https:\/\/www.lesjouetsvoyageurs.com\/location\/wp-json\/wp\/v2\/product_tag?post=5299"}],"curies":[{"name":"wp","href":"https:\/\/api.w.org\/{rel}","templated":true}]}}