{"id":5305,"date":"2021-06-04T14:13:51","date_gmt":"2021-06-04T12:13:51","guid":{"rendered":"https:\/\/www.lesjouetsvoyageurs.com\/?post_type=product&#038;p=5305"},"modified":"2022-09-18T16:47:36","modified_gmt":"2022-09-18T14:47:36","slug":"appareil-photo-zila","status":"publish","type":"product","link":"https:\/\/www.lesjouetsvoyageurs.com\/location\/jouets\/appareil-photo-zila\/","title":{"rendered":"Appareil photo pour les 3-12 ans"},"content":{"rendered":"<p>Le Zila est un appareil photo num\u00e9rique pens\u00e9 pour les enfants. Tr\u00e8s solide, il peut m\u00eame de faire des photos sous l&rsquo;eau ! Il prend des photos tr\u00e8s qualitatives avec ses 8 millions de Pixels et les photos sont stock\u00e9es dans la carte m\u00e9moire de 1 GB fournie. La batterie int\u00e9gr\u00e9e se recharge avec le cable USB fourni.<\/p>\n<p>Cerise sur le g\u00e2teau, il est possible de faire des photos rigolotes en utilisant les 20 fonds d&rsquo;\u00e9cran int\u00e9gr\u00e9s et de voir directement le r\u00e9sultat sur l&rsquo;\u00e9cran de l&rsquo;appareil. Id\u00e9al pour les d\u00e9parts en vacances !<\/p>\n<p>\ud83d\udc49 Consultez la pr\u00e9sentation de Kidwolf.<\/p>\n<p><span style=\"font-size: 14.4px;\">\ud83d\udc95 Pour les enfants de 3 \u00e0 12 ans<\/span><\/p>\n<p>LE PRIX ABONN\u00c9 C&rsquo;EST QUOI?<br \/>\nVous avez un coup de coeur pour un jouet propos\u00e9 \u00e0 la location?<br \/>\nNous vous proposons de garder chaque jouet lou\u00e9 \u00e0 un prix pr\u00e9f\u00e9rentiel, clairement indiqu\u00e9 sur chaque fiche.<\/p>\n","protected":false},"excerpt":{"rendered":"<p>Appareil photo pour enfants<\/p>\n<p>\u2764 Id\u00e9al de 3 \u00e0 12 ans<br \/>\n\u2764 Permet de prendre des photos sous l&rsquo;eau<br \/>\n\u2764 <span style=\"font-size: 14.4px;\">Facile d&rsquo;utilisation !<\/span><\/p>\n","protected":false},"featured_media":5310,"template":"","meta":[],"product_cat":[15],"product_tag":[],"_links":{"self":[{"href":"https:\/\/www.lesjouetsvoyageurs.com\/location\/wp-json\/wp\/v2\/product\/5305"}],"collection":[{"href":"https:\/\/www.lesjouetsvoyageurs.com\/location\/wp-json\/wp\/v2\/product"}],"about":[{"href":"https:\/\/www.lesjouetsvoyageurs.com\/location\/wp-json\/wp\/v2\/types\/product"}],"wp:featuredmedia":[{"embeddable":true,"href":"https:\/\/www.lesjouetsvoyageurs.com\/location\/wp-json\/wp\/v2\/media\/5310"}],"wp:attachment":[{"href":"https:\/\/www.lesjouetsvoyageurs.com\/location\/wp-json\/wp\/v2\/media?parent=5305"}],"wp:term":[{"taxonomy":"product_cat","embeddable":true,"href":"https:\/\/www.lesjouetsvoyageurs.com\/location\/wp-json\/wp\/v2\/product_cat?post=5305"},{"taxonomy":"product_tag","embeddable":true,"href":"https:\/\/www.lesjouetsvoyageurs.com\/location\/wp-json\/wp\/v2\/product_tag?post=5305"}],"curies":[{"name":"wp","href":"https:\/\/api.w.org\/{rel}","templated":true}]}}