{"id":5318,"date":"2021-06-09T11:59:44","date_gmt":"2021-06-09T09:59:44","guid":{"rendered":"https:\/\/www.lesjouetsvoyageurs.com\/?post_type=product&#038;p=5318"},"modified":"2023-09-29T14:17:57","modified_gmt":"2023-09-29T12:17:57","slug":"set-de-train","status":"publish","type":"product","link":"https:\/\/www.lesjouetsvoyageurs.com\/location\/jouets\/set-de-train\/","title":{"rendered":"Set de train Les pins sauvages en bois d&rsquo;h\u00e9v\u00e9a"},"content":{"rendered":"<p>Ce magnifique set de train est parfait pour les enfants \u00e0 partir de 4 ans environ. Votre enfant pourra jouer pendant des heures au milieu de cette for\u00eat de pins sauvages. Le set de train se compose de 27 pi\u00e8ces en bois d&rsquo;h\u00e9v\u00e9a aimant\u00e9es, d&rsquo;un train avec 3 wagons, d&rsquo;un camion et de sa remorque et d&rsquo;\u00e9l\u00e9ments de d\u00e9coration en bois.<\/p>\n<p>Les ours p\u00eachent dans le lac alors que les forestiers chargent les rondins de bois sur le train qui va bient\u00f4t partir.<\/p>\n<p>Envie d&rsquo;en savoir plus sur les engagements de la marque?<br \/>\n\ud83d\udc49 Consultez la pr\u00e9sentation de TenderLeaf.<\/p>\n<p><span style=\"font-size: 14.4px;\">\ud83d\udc95 Adapt\u00e9 aux enfants d\u00e8s 4 ans<\/span>.<\/p>\n<p>LE PRIX ABONN\u00c9 C&rsquo;EST QUOI?<br \/>\nVous avez un coup de coeur pour un jouet propos\u00e9 \u00e0 la location?<br \/>\nNous vous proposons de garder chaque jouet lou\u00e9 \u00e0 un prix pr\u00e9f\u00e9rentiel, clairement indiqu\u00e9 sur chaque fiche.<\/p>\n","protected":false},"excerpt":{"rendered":"<p>Set de train de le for\u00eat de pins<\/p>\n<p>\u2764 Des heures de jeu d\u00e8s 4 ans<br \/>\n\u2764 Elements magn\u00e9tiques<br \/>\n\u2764 <span style=\"font-size: 14.4px;\">Bois d&rsquo;h\u00e9v\u00e9a durable \ud83c\udf3f<\/span><\/p>\n","protected":false},"featured_media":5319,"template":"","meta":[],"product_cat":[15],"product_tag":[],"_links":{"self":[{"href":"https:\/\/www.lesjouetsvoyageurs.com\/location\/wp-json\/wp\/v2\/product\/5318"}],"collection":[{"href":"https:\/\/www.lesjouetsvoyageurs.com\/location\/wp-json\/wp\/v2\/product"}],"about":[{"href":"https:\/\/www.lesjouetsvoyageurs.com\/location\/wp-json\/wp\/v2\/types\/product"}],"wp:featuredmedia":[{"embeddable":true,"href":"https:\/\/www.lesjouetsvoyageurs.com\/location\/wp-json\/wp\/v2\/media\/5319"}],"wp:attachment":[{"href":"https:\/\/www.lesjouetsvoyageurs.com\/location\/wp-json\/wp\/v2\/media?parent=5318"}],"wp:term":[{"taxonomy":"product_cat","embeddable":true,"href":"https:\/\/www.lesjouetsvoyageurs.com\/location\/wp-json\/wp\/v2\/product_cat?post=5318"},{"taxonomy":"product_tag","embeddable":true,"href":"https:\/\/www.lesjouetsvoyageurs.com\/location\/wp-json\/wp\/v2\/product_tag?post=5318"}],"curies":[{"name":"wp","href":"https:\/\/api.w.org\/{rel}","templated":true}]}}