{"id":5363,"date":"2021-06-30T12:04:34","date_gmt":"2021-06-30T10:04:34","guid":{"rendered":"https:\/\/www.lesjouetsvoyageurs.com\/?post_type=product&#038;p=5363"},"modified":"2022-09-18T16:46:47","modified_gmt":"2022-09-18T14:46:47","slug":"hop-au-dodo-haba","status":"publish","type":"product","link":"https:\/\/www.lesjouetsvoyageurs.com\/location\/jouets\/hop-au-dodo-haba\/","title":{"rendered":"Hop au dodo ! Jeu de soci\u00e9t\u00e9 HABA d\u00e8s 2 ans"},"content":{"rendered":"<p>Il est l&rsquo;heure d\u2019aller au dodo pour le lapin, l&rsquo;ours et le petit chat ! Mais il y a un probl\u00e8me : leurs lits, oreillers et couettes sont sens dessus-dessous ! Et les petits animaux ont aussi besoin de leur doudou pr\u00e9f\u00e9r\u00e9 pour s&rsquo;endormir&#8230; Les enfants vont devoir faire appel \u00e0 leur m\u00e9moire et avoir un peu de chance en retournant les plaquettes pour retrouver le lit, la couette, l&rsquo;oreiller et le doudou de chaque animal. Ainsi, ils r\u00e9ussiront \u00e0 mettre les animaux au lit rapidement !<\/p>\n<p>On aime les diff\u00e9rentes variantes propos\u00e9es : jeu de classement coop\u00e9ratif, jeu de m\u00e9mory et jeu de loto !<\/p>\n<p>Envie d&rsquo;en savoir plus sur les engagements de la marque?<br \/>\n\ud83d\udc49 Consultez la pr\u00e9sentation de Haba.<\/p>\n<p><span style=\"font-size: 14.4px;\">\ud83d\udc95 Plusieurs variantes : jeu de classement, de memory et de loto.<\/span><\/p>\n<p>Un jeu de soci\u00e9t\u00e9 fabriqu\u00e9 en Allemagne.<\/p>\n<p>LE PRIX ABONN\u00c9 C&rsquo;EST QUOI?<br \/>\nVous avez un coup de coeur pour un jouet propos\u00e9 \u00e0 la location?<br \/>\nNous vous proposons de garder chaque jouet lou\u00e9 \u00e0 un prix pr\u00e9f\u00e9rentiel, clairement indiqu\u00e9 sur chaque fiche.<\/p>\n","protected":false},"excerpt":{"rendered":"<p>Un jeu de soci\u00e9t\u00e9 d\u00e8s 2 ans<\/p>\n<p>\u2764 Aide \u00e0 instaurer le rituel du dodo<br \/>\n\u2764 3 r\u00e8gles : classement, memory et loto<br \/>\n\u2764 Pour les petits d\u00e8s 2 ans<\/p>\n","protected":false},"featured_media":5365,"template":"","meta":[],"product_cat":[15],"product_tag":[],"_links":{"self":[{"href":"https:\/\/www.lesjouetsvoyageurs.com\/location\/wp-json\/wp\/v2\/product\/5363"}],"collection":[{"href":"https:\/\/www.lesjouetsvoyageurs.com\/location\/wp-json\/wp\/v2\/product"}],"about":[{"href":"https:\/\/www.lesjouetsvoyageurs.com\/location\/wp-json\/wp\/v2\/types\/product"}],"wp:featuredmedia":[{"embeddable":true,"href":"https:\/\/www.lesjouetsvoyageurs.com\/location\/wp-json\/wp\/v2\/media\/5365"}],"wp:attachment":[{"href":"https:\/\/www.lesjouetsvoyageurs.com\/location\/wp-json\/wp\/v2\/media?parent=5363"}],"wp:term":[{"taxonomy":"product_cat","embeddable":true,"href":"https:\/\/www.lesjouetsvoyageurs.com\/location\/wp-json\/wp\/v2\/product_cat?post=5363"},{"taxonomy":"product_tag","embeddable":true,"href":"https:\/\/www.lesjouetsvoyageurs.com\/location\/wp-json\/wp\/v2\/product_tag?post=5363"}],"curies":[{"name":"wp","href":"https:\/\/api.w.org\/{rel}","templated":true}]}}