{"id":5367,"date":"2021-06-30T14:08:03","date_gmt":"2021-06-30T12:08:03","guid":{"rendered":"https:\/\/www.lesjouetsvoyageurs.com\/?post_type=product&#038;p=5367"},"modified":"2023-10-21T13:42:58","modified_gmt":"2023-10-21T11:42:58","slug":"123-qui-est-cache-la-haba","status":"publish","type":"product","link":"https:\/\/www.lesjouetsvoyageurs.com\/location\/jouets\/123-qui-est-cache-la-haba\/","title":{"rendered":"123 qui est cach\u00e9 l\u00e0? Jeu de soci\u00e9t\u00e9 HABA d\u00e8s 2 ans"},"content":{"rendered":"<p>Les animaux de la ferme jouent \u00e0 cache-cache. Avec le jeu 123 qui est cach\u00e9 l\u00e0 de Haba, les enfants doivent les retrouver ! Les deux r\u00e8gles propos\u00e9es permettent de travailler la m\u00e9moire et l&rsquo;observation du tout-petit.<\/p>\n<p>Envie d&rsquo;en savoir plus sur les engagements de la marque?<br \/>\n\ud83d\udc49 Consultez la pr\u00e9sentation de Haba.<\/p>\n<p><span style=\"font-size: 14.4px;\">\ud83d\udc95 Stimule le langage avec des rimes \u00e0 prononcer pour rythmer le jeu.<\/span><\/p>\n<p>Un jeu de soci\u00e9t\u00e9 fabriqu\u00e9 en Allemagne.<\/p>\n<p>LE PRIX ABONN\u00c9 C&rsquo;EST QUOI?<br \/>\nVous avez un coup de coeur pour un jouet propos\u00e9 \u00e0 la location?<br \/>\nNous vous proposons de garder chaque jouet lou\u00e9 \u00e0 un prix pr\u00e9f\u00e9rentiel, clairement indiqu\u00e9 sur chaque fiche.<\/p>\n","protected":false},"excerpt":{"rendered":"<p>Un jeu de m\u00e9moire d\u00e8s 2 ans<\/p>\n<p>\u2764 Jeu \u00e0 partager avec un adulte<br \/>\n\u2764 2 r\u00e8gles \u00e0 d\u00e9couvrir<br \/>\n\u2764 Pour les petits d\u00e8s 2 ans<\/p>\n","protected":false},"featured_media":5369,"template":"","meta":[],"product_cat":[15],"product_tag":[],"_links":{"self":[{"href":"https:\/\/www.lesjouetsvoyageurs.com\/location\/wp-json\/wp\/v2\/product\/5367"}],"collection":[{"href":"https:\/\/www.lesjouetsvoyageurs.com\/location\/wp-json\/wp\/v2\/product"}],"about":[{"href":"https:\/\/www.lesjouetsvoyageurs.com\/location\/wp-json\/wp\/v2\/types\/product"}],"wp:featuredmedia":[{"embeddable":true,"href":"https:\/\/www.lesjouetsvoyageurs.com\/location\/wp-json\/wp\/v2\/media\/5369"}],"wp:attachment":[{"href":"https:\/\/www.lesjouetsvoyageurs.com\/location\/wp-json\/wp\/v2\/media?parent=5367"}],"wp:term":[{"taxonomy":"product_cat","embeddable":true,"href":"https:\/\/www.lesjouetsvoyageurs.com\/location\/wp-json\/wp\/v2\/product_cat?post=5367"},{"taxonomy":"product_tag","embeddable":true,"href":"https:\/\/www.lesjouetsvoyageurs.com\/location\/wp-json\/wp\/v2\/product_tag?post=5367"}],"curies":[{"name":"wp","href":"https:\/\/api.w.org\/{rel}","templated":true}]}}