{"id":5371,"date":"2021-06-30T16:17:56","date_gmt":"2021-06-30T14:17:56","guid":{"rendered":"https:\/\/www.lesjouetsvoyageurs.com\/?post_type=product&#038;p=5371"},"modified":"2023-10-21T13:42:58","modified_gmt":"2023-10-21T11:42:58","slug":"balle-petits-oiseaux-haba","status":"publish","type":"product","link":"https:\/\/www.lesjouetsvoyageurs.com\/location\/jouets\/balle-petits-oiseaux-haba\/","title":{"rendered":"Balle petits oiseaux Haba Diam\u00e8tre 15 cm"},"content":{"rendered":"<p>Cette petite balle aux couleurs toutes douces mesure 15 cm de diam\u00e8tre. Parfaite pour jouer en int\u00e9rieur comme en ext\u00e9rieur, elle est fabriqu\u00e9e en Mac\u00e9doine du Nord.<\/p>\n<p>Envie d&rsquo;en savoir plus sur les engagements de la marque?<br \/>\n\ud83d\udc49 Consultez la pr\u00e9sentation de Haba.<\/p>\n<p><span style=\"font-size: 14.4px;\">\ud83d\udc95 S&rsquo;utilise en int\u00e9rieur comme en ext\u00e9rieur<\/span><\/p>\n<p>Fabrication europ\u00e9enne.<\/p>\n<p>LE PRIX ABONN\u00c9 C&rsquo;EST QUOI?<br \/>\nVous avez un coup de coeur pour un jouet propos\u00e9 \u00e0 la location?<br \/>\nNous vous proposons de garder chaque jouet lou\u00e9 \u00e0 un prix pr\u00e9f\u00e9rentiel, clairement indiqu\u00e9 sur chaque fiche.<\/p>\n","protected":false},"excerpt":{"rendered":"<p>Balle petits oiseaux Haba<\/p>\n<p>\u2764 Couleurs tendres<br \/>\n\u2764 Fabrication europ\u00e9enne<br \/>\n\u2764 S&rsquo;utilise aussi en ext\u00e9rieur<\/p>\n","protected":false},"featured_media":5372,"template":"","meta":[],"product_cat":[15],"product_tag":[],"_links":{"self":[{"href":"https:\/\/www.lesjouetsvoyageurs.com\/location\/wp-json\/wp\/v2\/product\/5371"}],"collection":[{"href":"https:\/\/www.lesjouetsvoyageurs.com\/location\/wp-json\/wp\/v2\/product"}],"about":[{"href":"https:\/\/www.lesjouetsvoyageurs.com\/location\/wp-json\/wp\/v2\/types\/product"}],"wp:featuredmedia":[{"embeddable":true,"href":"https:\/\/www.lesjouetsvoyageurs.com\/location\/wp-json\/wp\/v2\/media\/5372"}],"wp:attachment":[{"href":"https:\/\/www.lesjouetsvoyageurs.com\/location\/wp-json\/wp\/v2\/media?parent=5371"}],"wp:term":[{"taxonomy":"product_cat","embeddable":true,"href":"https:\/\/www.lesjouetsvoyageurs.com\/location\/wp-json\/wp\/v2\/product_cat?post=5371"},{"taxonomy":"product_tag","embeddable":true,"href":"https:\/\/www.lesjouetsvoyageurs.com\/location\/wp-json\/wp\/v2\/product_tag?post=5371"}],"curies":[{"name":"wp","href":"https:\/\/api.w.org\/{rel}","templated":true}]}}