{"id":5378,"date":"2021-07-02T11:03:50","date_gmt":"2021-07-02T09:03:50","guid":{"rendered":"https:\/\/www.lesjouetsvoyageurs.com\/?post_type=product&#038;p=5378"},"modified":"2023-02-09T21:28:05","modified_gmt":"2023-02-09T19:28:05","slug":"jeu-pom-pom-pom-vilac","status":"publish","type":"product","link":"https:\/\/www.lesjouetsvoyageurs.com\/location\/jouets\/jeu-pom-pom-pom-vilac\/","title":{"rendered":"Jeu Pom Pom Pom Vilac &#8211; Puissance 4 en bois"},"content":{"rendered":"<p>Chacun \u00e0 leur tour, les joueurs ajoutent une petite pomme, d\u00e8s qu&rsquo;un des joueurs en aligne quatre il gagne la partie de Pom Pom Pom ! Un chouette jeu qui se joue \u00e0 deux d\u00e8s l&rsquo;\u00e2ge de 5 ans.<\/p>\n<p>Envie d&rsquo;en savoir plus sur les engagements de la marque?<br \/>\n\ud83d\udc49 Consultez la pr\u00e9sentation de Vilac.<\/p>\n<p><span style=\"font-size: 14.4px;\">\ud83d\udc95 Un joli jeu en bois<\/span><\/p>\n<p>Fabrication europ\u00e9enne.<\/p>\n<p>LE PRIX ABONN\u00c9 C&rsquo;EST QUOI?<br \/>\nVous avez un coup de coeur pour un jouet propos\u00e9 \u00e0 la location?<br \/>\nNous vous proposons de garder chaque jouet lou\u00e9 \u00e0 un prix pr\u00e9f\u00e9rentiel, clairement indiqu\u00e9 sur chaque fiche.<\/p>\n","protected":false},"excerpt":{"rendered":"<p>Puissance 4 en bois Vilac<\/p>\n<p>\u2764 Fabrication fran\u00e7aise<br \/>\n\u2764 Se range facilement<br \/>\n\u2764 Pour jouer \u00e0 deux d\u00e8s 5 ans<\/p>\n","protected":false},"featured_media":5381,"template":"","meta":[],"product_cat":[15],"product_tag":[],"_links":{"self":[{"href":"https:\/\/www.lesjouetsvoyageurs.com\/location\/wp-json\/wp\/v2\/product\/5378"}],"collection":[{"href":"https:\/\/www.lesjouetsvoyageurs.com\/location\/wp-json\/wp\/v2\/product"}],"about":[{"href":"https:\/\/www.lesjouetsvoyageurs.com\/location\/wp-json\/wp\/v2\/types\/product"}],"wp:featuredmedia":[{"embeddable":true,"href":"https:\/\/www.lesjouetsvoyageurs.com\/location\/wp-json\/wp\/v2\/media\/5381"}],"wp:attachment":[{"href":"https:\/\/www.lesjouetsvoyageurs.com\/location\/wp-json\/wp\/v2\/media?parent=5378"}],"wp:term":[{"taxonomy":"product_cat","embeddable":true,"href":"https:\/\/www.lesjouetsvoyageurs.com\/location\/wp-json\/wp\/v2\/product_cat?post=5378"},{"taxonomy":"product_tag","embeddable":true,"href":"https:\/\/www.lesjouetsvoyageurs.com\/location\/wp-json\/wp\/v2\/product_tag?post=5378"}],"curies":[{"name":"wp","href":"https:\/\/api.w.org\/{rel}","templated":true}]}}