{"id":5414,"date":"2021-07-20T17:13:34","date_gmt":"2021-07-20T15:13:34","guid":{"rendered":"https:\/\/www.lesjouetsvoyageurs.com\/?post_type=product&#038;p=5414"},"modified":"2023-03-08T20:13:24","modified_gmt":"2023-03-08T18:13:24","slug":"little-balancing-djeco","status":"publish","type":"product","link":"https:\/\/www.lesjouetsvoyageurs.com\/location\/jouets\/little-balancing-djeco\/","title":{"rendered":"Jeu little Balancing Djeco"},"content":{"rendered":"<p>D\u00e8s deux ans et demi, les tout petits peuvent aider les petites grenouilles de Little Balancing \u00e0 se placer en \u00e9quilibre sur les n\u00e9nuphars et \u00e0 ne pas tomber dans la mare.<\/p>\n<p>La mare est pos\u00e9e au centre de la table afin d&rsquo;\u00eatre accessible par tous les joueurs. Tour \u00e0 tour, les joueurs superposent les pilotis et les n\u00e9nuphars jusqu&rsquo;\u00e0 ce qu&rsquo;il n&rsquo;en reste plus. Il est alors temps de poser les grenouilles sur les n\u00e9nuphars et si rien ne tombe&#8230; Alors tout le monde gagne !<\/p>\n<p>La difficult\u00e9 du jeu peut \u00eatre adapt\u00e9e \u00e0 l&rsquo;\u00e2ge des joueurs en ajoutant ou en retirant simplement des pilotis et des n\u00e9nuphars. Plus il y en a, plus le jeu se complique ! Pour les plus grands(\u00e0 partir de 4 ans environ) on r\u00e9duit le nombre d&#8217;emplacements de la mare o\u00f9 l&rsquo;on peut installer les pilotis. Les constructions sont donc plus hautes et le challenge augmente.<\/p>\n<p>Envie d&rsquo;en savoir plus sur les engagements de la marque?<br \/>\n\ud83d\udc49 Consultez la pr\u00e9sentation de Djeco.<\/p>\n<p><span style=\"font-size: 14.4px;\">\ud83d\udc95 Un jeu coop\u00e9ratif \u00e0 jouer en famille<\/span><\/p>\n<p>LE PRIX ABONN\u00c9 C&rsquo;EST QUOI?<br \/>\nVous avez un coup de coeur pour un jouet propos\u00e9 \u00e0 la location?<br \/>\nNous vous proposons de garder chaque jouet lou\u00e9 \u00e0 un prix pr\u00e9f\u00e9rentiel, clairement indiqu\u00e9 sur chaque fiche.<\/p>\n","protected":false},"excerpt":{"rendered":"<p>Little Balancing de Djeco<\/p>\n<p>\u2764 Se joue d\u00e8s deux ans et demi<br \/>\n\u2764 Difficult\u00e9 croissante pour les enfants jusqu&rsquo;\u00e0 5 ans<br \/>\n\u2764 Un jeu d&rsquo;\u00e9quilibre coop\u00e9ratif<\/p>\n","protected":false},"featured_media":5416,"template":"","meta":[],"product_cat":[15],"product_tag":[],"_links":{"self":[{"href":"https:\/\/www.lesjouetsvoyageurs.com\/location\/wp-json\/wp\/v2\/product\/5414"}],"collection":[{"href":"https:\/\/www.lesjouetsvoyageurs.com\/location\/wp-json\/wp\/v2\/product"}],"about":[{"href":"https:\/\/www.lesjouetsvoyageurs.com\/location\/wp-json\/wp\/v2\/types\/product"}],"wp:featuredmedia":[{"embeddable":true,"href":"https:\/\/www.lesjouetsvoyageurs.com\/location\/wp-json\/wp\/v2\/media\/5416"}],"wp:attachment":[{"href":"https:\/\/www.lesjouetsvoyageurs.com\/location\/wp-json\/wp\/v2\/media?parent=5414"}],"wp:term":[{"taxonomy":"product_cat","embeddable":true,"href":"https:\/\/www.lesjouetsvoyageurs.com\/location\/wp-json\/wp\/v2\/product_cat?post=5414"},{"taxonomy":"product_tag","embeddable":true,"href":"https:\/\/www.lesjouetsvoyageurs.com\/location\/wp-json\/wp\/v2\/product_tag?post=5414"}],"curies":[{"name":"wp","href":"https:\/\/api.w.org\/{rel}","templated":true}]}}