{"id":5417,"date":"2021-07-20T17:42:44","date_gmt":"2021-07-20T15:42:44","guid":{"rendered":"https:\/\/www.lesjouetsvoyageurs.com\/?post_type=product&#038;p=5417"},"modified":"2023-07-22T14:51:36","modified_gmt":"2023-07-22T12:51:36","slug":"jeu-little-action-djeco","status":"publish","type":"product","link":"https:\/\/www.lesjouetsvoyageurs.com\/location\/jouets\/jeu-little-action-djeco\/","title":{"rendered":"Jeu little Action Djeco"},"content":{"rendered":"<p>D\u00e8s deux ans et demi, Little Action est un jeu de d\u00e9fis sur le th\u00e8me de la jungle qui ravira les plus petits ! Il permet de d\u00e9velopper l&rsquo;adresse et la coordination tout en s&rsquo;amusant et en collectionnant les m\u00e9dailles.<\/p>\n<p>Pour chaque d\u00e9fi propos\u00e9, les joueurs ont trois essais : Construire une pyramide en superposant deux petits personnages comme indiqu\u00e9 sur la carte de d\u00e9fi, lancer l&rsquo;animal indiqu\u00e9 dans la bo\u00eete de jeu, faire tenir un animal sur sa t\u00eate pendant 30 secondes, faire passer trois fois le petit animal derri\u00e8re son dos, faire tomber un petit animal en jetant un autre animal sur lui et lancer un petit animal en l&rsquo;air et le rattraper.<\/p>\n<p>Lorsque toutes les m\u00e9dailles ont \u00e9t\u00e9 remport\u00e9es, c&rsquo;est le joueur qui en a le plus qui gagne.<\/p>\n<p>Envie d&rsquo;en savoir plus sur les engagements de la marque?<br \/>\n\ud83d\udc49 Consultez la pr\u00e9sentation de Djeco.<\/p>\n<p><span style=\"font-size: 14.4px;\">\ud83d\udc95 6 mini-d\u00e9fis pour les tout petits<\/span><\/p>\n<p>LE PRIX ABONN\u00c9 C&rsquo;EST QUOI?<br \/>\nVous avez un coup de coeur pour un jouet propos\u00e9 \u00e0 la location?<br \/>\nNous vous proposons de garder chaque jouet lou\u00e9 \u00e0 un prix pr\u00e9f\u00e9rentiel, clairement indiqu\u00e9 sur chaque fiche.<\/p>\n","protected":false},"excerpt":{"rendered":"<p>Little Action de Djeco<\/p>\n<p>\u2764 Se joue d\u00e8s deux ans et demi<br \/>\n\u2764 6 mini d\u00e9fis \u00e0 r\u00e9aliser<br \/>\n\u2764 Sur le th\u00e8me de la jungle<\/p>\n","protected":false},"featured_media":5419,"template":"","meta":[],"product_cat":[15],"product_tag":[],"_links":{"self":[{"href":"https:\/\/www.lesjouetsvoyageurs.com\/location\/wp-json\/wp\/v2\/product\/5417"}],"collection":[{"href":"https:\/\/www.lesjouetsvoyageurs.com\/location\/wp-json\/wp\/v2\/product"}],"about":[{"href":"https:\/\/www.lesjouetsvoyageurs.com\/location\/wp-json\/wp\/v2\/types\/product"}],"wp:featuredmedia":[{"embeddable":true,"href":"https:\/\/www.lesjouetsvoyageurs.com\/location\/wp-json\/wp\/v2\/media\/5419"}],"wp:attachment":[{"href":"https:\/\/www.lesjouetsvoyageurs.com\/location\/wp-json\/wp\/v2\/media?parent=5417"}],"wp:term":[{"taxonomy":"product_cat","embeddable":true,"href":"https:\/\/www.lesjouetsvoyageurs.com\/location\/wp-json\/wp\/v2\/product_cat?post=5417"},{"taxonomy":"product_tag","embeddable":true,"href":"https:\/\/www.lesjouetsvoyageurs.com\/location\/wp-json\/wp\/v2\/product_tag?post=5417"}],"curies":[{"name":"wp","href":"https:\/\/api.w.org\/{rel}","templated":true}]}}