{"id":5420,"date":"2021-07-20T18:10:57","date_gmt":"2021-07-20T16:10:57","guid":{"rendered":"https:\/\/www.lesjouetsvoyageurs.com\/?post_type=product&#038;p=5420"},"modified":"2022-10-03T22:24:08","modified_gmt":"2022-10-03T20:24:08","slug":"jeu-little-collect-djeco","status":"publish","type":"product","link":"https:\/\/www.lesjouetsvoyageurs.com\/location\/jouets\/jeu-little-collect-djeco\/","title":{"rendered":"Jeu little Collect Djeco"},"content":{"rendered":"<p>Dans Little Collect, l&rsquo;enfant doit r\u00e9colter petits pois et carottes pour compl\u00e9ter son plateau et approcher les petits lapins gourmands. Le gagnant est le premier joueur \u00e0 collecter trois carottes, trois petits pois et trois lapins.<\/p>\n<p>Little Collect se joue \u00e0 deux, \u00e0 tour de r\u00f4le les joueurs piochent une carte et r\u00e9alisent l&rsquo;action indiqu\u00e9e. Si c&rsquo;est une carotte ou des petits pois, on prend le jeton correspondant et on le place sur son plateau. Si c&rsquo;est un petit lapin gourmand et que le joueur poss\u00e8de une carotte ou un petit pois, le petit lapin rejoint le plateau du joueur mais si c&rsquo;est un renard, il faut remettre un petit lapin du plateau vers le centre de la table !<\/p>\n<p>Envie d&rsquo;en savoir plus sur les engagements de la marque?<br \/>\n\ud83d\udc49 Consultez la pr\u00e9sentation de Djeco.<\/p>\n<p><span style=\"font-size: 14.4px;\">\ud83d\udc95 Un joli jeu de collecte<\/span><\/p>\n<p>LE PRIX ABONN\u00c9 C&rsquo;EST QUOI?<br \/>\nVous avez un coup de coeur pour un jouet propos\u00e9 \u00e0 la location?<br \/>\nNous vous proposons de garder chaque jouet lou\u00e9 \u00e0 un prix pr\u00e9f\u00e9rentiel, clairement indiqu\u00e9 sur chaque fiche.<\/p>\n","protected":false},"excerpt":{"rendered":"<p>Little Collect de Djeco<\/p>\n<p>\u2764 Se joue d\u00e8s deux ans et demi<br \/>\n\u2764 2 jolis plateau illustr\u00e9s<br \/>\n\u2764 6 petits lapins pour jouer<\/p>\n","protected":false},"featured_media":5421,"template":"","meta":[],"product_cat":[15],"product_tag":[],"_links":{"self":[{"href":"https:\/\/www.lesjouetsvoyageurs.com\/location\/wp-json\/wp\/v2\/product\/5420"}],"collection":[{"href":"https:\/\/www.lesjouetsvoyageurs.com\/location\/wp-json\/wp\/v2\/product"}],"about":[{"href":"https:\/\/www.lesjouetsvoyageurs.com\/location\/wp-json\/wp\/v2\/types\/product"}],"wp:featuredmedia":[{"embeddable":true,"href":"https:\/\/www.lesjouetsvoyageurs.com\/location\/wp-json\/wp\/v2\/media\/5421"}],"wp:attachment":[{"href":"https:\/\/www.lesjouetsvoyageurs.com\/location\/wp-json\/wp\/v2\/media?parent=5420"}],"wp:term":[{"taxonomy":"product_cat","embeddable":true,"href":"https:\/\/www.lesjouetsvoyageurs.com\/location\/wp-json\/wp\/v2\/product_cat?post=5420"},{"taxonomy":"product_tag","embeddable":true,"href":"https:\/\/www.lesjouetsvoyageurs.com\/location\/wp-json\/wp\/v2\/product_tag?post=5420"}],"curies":[{"name":"wp","href":"https:\/\/api.w.org\/{rel}","templated":true}]}}