{"id":5423,"date":"2021-07-21T10:19:02","date_gmt":"2021-07-21T08:19:02","guid":{"rendered":"https:\/\/www.lesjouetsvoyageurs.com\/?post_type=product&#038;p=5423"},"modified":"2023-03-27T11:44:32","modified_gmt":"2023-03-27T09:44:32","slug":"jeu-little-cooperation-djeco","status":"publish","type":"product","link":"https:\/\/www.lesjouetsvoyageurs.com\/location\/jouets\/jeu-little-cooperation-djeco\/","title":{"rendered":"Jeu little Coop\u00e9ration Djeco"},"content":{"rendered":"<p>Sur la banquise, quatre petits animaux essaient de rejoindre leur igloo. Dans le jeu little coop\u00e9ration, l&rsquo;enfant essaient de les aider \u00e0 traverser le pont de glace qui menace de s&rsquo;\u00e9crouler. Les joueurs (de 2 \u00e0 4) coop\u00e9rent tous ensemble pour les aider !<\/p>\n<p>A leur tour, les joueurs lancent le d\u00e9 et r\u00e9alise l&rsquo;action correspondante. Si c&rsquo;est un pont qui apparait, il peut faire avancer un animal de la banquise vers le pont. Si c&rsquo;est une face igloo, il peut faire avancer l&rsquo;animal du pont vers l&rsquo;igloo. Si c&rsquo;est la face gla\u00e7on qui apparait, la glace fond et il faut retirer un des piliers qui soutient le pont&#8230; Si tous les animaux regagnent l&rsquo;igloo avant que le pont ne s&rsquo;effondre, c&rsquo;est gagn\u00e9 !<\/p>\n<p>\ud83d\udc49 Consultez la pr\u00e9sentation de Djeco.<\/p>\n<p><span style=\"font-size: 14.4px;\">\ud83d\udc95 Un jeu coop\u00e9ratif pour gagner ou perdre tous ensemble<\/span><\/p>\n<p>LE PRIX ABONN\u00c9 C&rsquo;EST QUOI?<br \/>\nVous avez un coup de coeur pour un jouet propos\u00e9 \u00e0 la location?<br \/>\nNous vous proposons de garder chaque jouet lou\u00e9 \u00e0 un prix pr\u00e9f\u00e9rentiel, clairement indiqu\u00e9 sur chaque fiche.<\/p>\n","protected":false},"excerpt":{"rendered":"<p>Little Coop\u00e9ration de Djeco<\/p>\n<p>\u2764 Se joue d\u00e8s deux ans et demi<br \/>\n\u2764 Jeu coop\u00e9ratif<br \/>\n\u2764 Sur le th\u00e8me de la banquise<\/p>\n","protected":false},"featured_media":5425,"template":"","meta":[],"product_cat":[15],"product_tag":[],"_links":{"self":[{"href":"https:\/\/www.lesjouetsvoyageurs.com\/location\/wp-json\/wp\/v2\/product\/5423"}],"collection":[{"href":"https:\/\/www.lesjouetsvoyageurs.com\/location\/wp-json\/wp\/v2\/product"}],"about":[{"href":"https:\/\/www.lesjouetsvoyageurs.com\/location\/wp-json\/wp\/v2\/types\/product"}],"wp:featuredmedia":[{"embeddable":true,"href":"https:\/\/www.lesjouetsvoyageurs.com\/location\/wp-json\/wp\/v2\/media\/5425"}],"wp:attachment":[{"href":"https:\/\/www.lesjouetsvoyageurs.com\/location\/wp-json\/wp\/v2\/media?parent=5423"}],"wp:term":[{"taxonomy":"product_cat","embeddable":true,"href":"https:\/\/www.lesjouetsvoyageurs.com\/location\/wp-json\/wp\/v2\/product_cat?post=5423"},{"taxonomy":"product_tag","embeddable":true,"href":"https:\/\/www.lesjouetsvoyageurs.com\/location\/wp-json\/wp\/v2\/product_tag?post=5423"}],"curies":[{"name":"wp","href":"https:\/\/api.w.org\/{rel}","templated":true}]}}