{"id":5426,"date":"2021-07-21T10:41:23","date_gmt":"2021-07-21T08:41:23","guid":{"rendered":"https:\/\/www.lesjouetsvoyageurs.com\/?post_type=product&#038;p=5426"},"modified":"2023-03-30T13:11:42","modified_gmt":"2023-03-30T11:11:42","slug":"jeu-little-association-djeco","status":"publish","type":"product","link":"https:\/\/www.lesjouetsvoyageurs.com\/location\/jouets\/jeu-little-association-djeco\/","title":{"rendered":"Jeu little Association Djeco"},"content":{"rendered":"<p>Le jeu Little Association favorise l&rsquo;\u00e9change entre le tout petit et ses parents. A quel univers appartient la carotte? A celui du potager ! Et la grenouille ? A celui de la mare.<\/p>\n<p>On pioche une des 30 cartes disponibles et tous les joueurs tentent de retrouver de quel univers est issu cette carte. Est-ce le potager, la mare ou le pr\u00e9? Le plus rapide \u00e0 se saisir de l&rsquo;animal qui correspond \u00e0 cet univers remporte la carte !<\/p>\n<p>\ud83d\udc49 Consultez la pr\u00e9sentation de Djeco.<\/p>\n<p><span style=\"font-size: 14.4px;\">\ud83d\udc95 Un jeu d&rsquo;association et de rapidit\u00e9<\/span><\/p>\n<p>LE PRIX ABONN\u00c9 C&rsquo;EST QUOI?<br \/>\nVous avez un coup de coeur pour un jouet propos\u00e9 \u00e0 la location?<br \/>\nNous vous proposons de garder chaque jouet lou\u00e9 \u00e0 un prix pr\u00e9f\u00e9rentiel, clairement indiqu\u00e9 sur chaque fiche.<\/p>\n","protected":false},"excerpt":{"rendered":"<p>Little Association de Djeco<\/p>\n<p>\u2764 Se joue d\u00e8s deux ans et demi<br \/>\n\u2764 Jeu de rapidit\u00e9 et d&rsquo;association<br \/>\n\u2764 3 univers \u00e0 d\u00e9couvrir<\/p>\n","protected":false},"featured_media":5427,"template":"","meta":[],"product_cat":[15],"product_tag":[],"_links":{"self":[{"href":"https:\/\/www.lesjouetsvoyageurs.com\/location\/wp-json\/wp\/v2\/product\/5426"}],"collection":[{"href":"https:\/\/www.lesjouetsvoyageurs.com\/location\/wp-json\/wp\/v2\/product"}],"about":[{"href":"https:\/\/www.lesjouetsvoyageurs.com\/location\/wp-json\/wp\/v2\/types\/product"}],"wp:featuredmedia":[{"embeddable":true,"href":"https:\/\/www.lesjouetsvoyageurs.com\/location\/wp-json\/wp\/v2\/media\/5427"}],"wp:attachment":[{"href":"https:\/\/www.lesjouetsvoyageurs.com\/location\/wp-json\/wp\/v2\/media?parent=5426"}],"wp:term":[{"taxonomy":"product_cat","embeddable":true,"href":"https:\/\/www.lesjouetsvoyageurs.com\/location\/wp-json\/wp\/v2\/product_cat?post=5426"},{"taxonomy":"product_tag","embeddable":true,"href":"https:\/\/www.lesjouetsvoyageurs.com\/location\/wp-json\/wp\/v2\/product_tag?post=5426"}],"curies":[{"name":"wp","href":"https:\/\/api.w.org\/{rel}","templated":true}]}}