{"id":5429,"date":"2021-07-21T11:03:42","date_gmt":"2021-07-21T09:03:42","guid":{"rendered":"https:\/\/www.lesjouetsvoyageurs.com\/?post_type=product&#038;p=5429"},"modified":"2023-07-28T19:42:19","modified_gmt":"2023-07-28T17:42:19","slug":"jeu-little-memo-djeco","status":"publish","type":"product","link":"https:\/\/www.lesjouetsvoyageurs.com\/location\/jouets\/jeu-little-memo-djeco\/","title":{"rendered":"Jeu little M\u00e9mo Djeco"},"content":{"rendered":"<p>Le jeu Little Memo fait travailler la m\u00e9moire et le sens de l&rsquo;observation des tout petits. Les petits animaux se prom\u00e8nent dans le jardin, lorsque tout \u00e0 coup l&rsquo;un d&rsquo;entre eux se cache dans un buisson ! Quel animal s&rsquo;est cach\u00e9 ?<\/p>\n<p>La difficult\u00e9 peut \u00eatre adapt\u00e9e \u00e0 l&rsquo;\u00e2ge de l&rsquo;enfant en utilisant plus ou moins d&rsquo;animaux parmi les neuf disponibles. L&rsquo;enfant observe puis ferme les yeux pendant que l&rsquo;adulte cache un des animaux sous la bo\u00eete. Si l&rsquo;enfant retrouve l&rsquo;animal disparu, on soul\u00e8ve la bo\u00eete pour constater la bonne r\u00e9ponse et on donne un jeton \u00e0 l&rsquo;enfant.<\/p>\n<p>\ud83d\udc49 Consultez la pr\u00e9sentation de Djeco.<\/p>\n<p><span style=\"font-size: 14.4px;\">\ud83d\udc95 Un jeu de m\u00e9moire pour les tout petits<\/span><\/p>\n<p>LE PRIX ABONN\u00c9 C&rsquo;EST QUOI?<br \/>\nVous avez un coup de coeur pour un jouet propos\u00e9 \u00e0 la location?<br \/>\nNous vous proposons de garder chaque jouet lou\u00e9 \u00e0 un prix pr\u00e9f\u00e9rentiel, clairement indiqu\u00e9 sur chaque fiche.<\/p>\n","protected":false},"excerpt":{"rendered":"<p>Little M\u00e9mo de Djeco<\/p>\n<p>\u2764 Se joue d\u00e8s deux ans et demi<br \/>\n\u2764 Jeu d&rsquo;observation et de m\u00e9moire<br \/>\n\u2764 Difficult\u00e9 croissante<\/p>\n","protected":false},"featured_media":5431,"template":"","meta":[],"product_cat":[15],"product_tag":[],"_links":{"self":[{"href":"https:\/\/www.lesjouetsvoyageurs.com\/location\/wp-json\/wp\/v2\/product\/5429"}],"collection":[{"href":"https:\/\/www.lesjouetsvoyageurs.com\/location\/wp-json\/wp\/v2\/product"}],"about":[{"href":"https:\/\/www.lesjouetsvoyageurs.com\/location\/wp-json\/wp\/v2\/types\/product"}],"wp:featuredmedia":[{"embeddable":true,"href":"https:\/\/www.lesjouetsvoyageurs.com\/location\/wp-json\/wp\/v2\/media\/5431"}],"wp:attachment":[{"href":"https:\/\/www.lesjouetsvoyageurs.com\/location\/wp-json\/wp\/v2\/media?parent=5429"}],"wp:term":[{"taxonomy":"product_cat","embeddable":true,"href":"https:\/\/www.lesjouetsvoyageurs.com\/location\/wp-json\/wp\/v2\/product_cat?post=5429"},{"taxonomy":"product_tag","embeddable":true,"href":"https:\/\/www.lesjouetsvoyageurs.com\/location\/wp-json\/wp\/v2\/product_tag?post=5429"}],"curies":[{"name":"wp","href":"https:\/\/api.w.org\/{rel}","templated":true}]}}