{"id":5432,"date":"2021-07-21T12:54:00","date_gmt":"2021-07-21T10:54:00","guid":{"rendered":"https:\/\/www.lesjouetsvoyageurs.com\/?post_type=product&#038;p=5432"},"modified":"2022-09-18T16:42:55","modified_gmt":"2022-09-18T14:42:55","slug":"babyplui","status":"publish","type":"product","link":"https:\/\/www.lesjouetsvoyageurs.com\/location\/jouets\/babyplui\/","title":{"rendered":"BabyPlui Hochet sonore d\u00e8s 3 mois"},"content":{"rendered":"<p>BabyPlui est un hochet sonore sur le principe des b\u00e2tons de pluie pour les petits \u00e0 partir de 3 mois.<\/p>\n<p>Sa base en bois assure sa solidit\u00e9 et sa forme incurv\u00e9e facilite la prise en main par b\u00e9b\u00e9. Lorsqu&rsquo;on retourne le b\u00e2ton de pluie BabyPlui, les petites billes descendent et produisent un joli son de pluie.<\/p>\n<p>\ud83d\udc49 Consultez la pr\u00e9sentation de Djeco.<\/p>\n<p><span style=\"font-size: 14.4px;\">\ud83d\udc95 Un hochet sonore pour les tout petits<\/span><\/p>\n<p>LE PRIX ABONN\u00c9 C&rsquo;EST QUOI?<br \/>\nVous avez un coup de coeur pour un jouet propos\u00e9 \u00e0 la location?<br \/>\nNous vous proposons de garder chaque jouet lou\u00e9 \u00e0 un prix pr\u00e9f\u00e9rentiel, clairement indiqu\u00e9 sur chaque fiche.<\/p>\n","protected":false},"excerpt":{"rendered":"<p>Babyplui de Djeco<\/p>\n<p>\u2764 Hochet d\u00e8s 3 mois<br \/>\n\u2764 Jouet sonore facile \u00e0 saisir<br \/>\n\u2764 Sur le principe du b\u00e2ton de pluie<\/p>\n","protected":false},"featured_media":5433,"template":"","meta":[],"product_cat":[15],"product_tag":[],"_links":{"self":[{"href":"https:\/\/www.lesjouetsvoyageurs.com\/location\/wp-json\/wp\/v2\/product\/5432"}],"collection":[{"href":"https:\/\/www.lesjouetsvoyageurs.com\/location\/wp-json\/wp\/v2\/product"}],"about":[{"href":"https:\/\/www.lesjouetsvoyageurs.com\/location\/wp-json\/wp\/v2\/types\/product"}],"wp:featuredmedia":[{"embeddable":true,"href":"https:\/\/www.lesjouetsvoyageurs.com\/location\/wp-json\/wp\/v2\/media\/5433"}],"wp:attachment":[{"href":"https:\/\/www.lesjouetsvoyageurs.com\/location\/wp-json\/wp\/v2\/media?parent=5432"}],"wp:term":[{"taxonomy":"product_cat","embeddable":true,"href":"https:\/\/www.lesjouetsvoyageurs.com\/location\/wp-json\/wp\/v2\/product_cat?post=5432"},{"taxonomy":"product_tag","embeddable":true,"href":"https:\/\/www.lesjouetsvoyageurs.com\/location\/wp-json\/wp\/v2\/product_tag?post=5432"}],"curies":[{"name":"wp","href":"https:\/\/api.w.org\/{rel}","templated":true}]}}