{"id":5434,"date":"2021-07-21T13:03:42","date_gmt":"2021-07-21T11:03:42","guid":{"rendered":"https:\/\/www.lesjouetsvoyageurs.com\/?post_type=product&#038;p=5434"},"modified":"2023-01-19T15:18:23","modified_gmt":"2023-01-19T13:18:23","slug":"babyshaki-djeco","status":"publish","type":"product","link":"https:\/\/www.lesjouetsvoyageurs.com\/location\/jouets\/babyshaki-djeco\/","title":{"rendered":"BabyShaki Rouleau sonore d\u00e8s 3 mois"},"content":{"rendered":"<p>BabyShaki est un rouleau sonore sur le principe des b\u00e2tons de pluie pour les petits \u00e0 partir de 3 mois.<\/p>\n<p>Un joli jouet en bois facile \u00e0 saisir et qui produit un doux son de pluie en roulant. On aime l&rsquo;illustration aux couleurs douces qui repr\u00e9sente un lion et fait de ce jouet un vrai petit personnage.<\/p>\n<p>\ud83d\udc49 Consultez la pr\u00e9sentation de Djeco.<\/p>\n<p><span style=\"font-size: 14.4px;\">\ud83d\udc95 Un hochet sonore pour les tout petits<\/span><\/p>\n<p>LE PRIX ABONN\u00c9 C&rsquo;EST QUOI?<br \/>\nVous avez un coup de coeur pour un jouet propos\u00e9 \u00e0 la location?<br \/>\nNous vous proposons de garder chaque jouet lou\u00e9 \u00e0 un prix pr\u00e9f\u00e9rentiel, clairement indiqu\u00e9 sur chaque fiche.<\/p>\n","protected":false},"excerpt":{"rendered":"<p>Babyshaki de Djeco<\/p>\n<p>\u2764 Rouleau sonore d\u00e8s 3 mois<br \/>\n\u2764 Jouet facile \u00e0 saisir<br \/>\n\u2764 Sur le principe du b\u00e2ton de pluie<\/p>\n","protected":false},"featured_media":5435,"template":"","meta":[],"product_cat":[15],"product_tag":[],"_links":{"self":[{"href":"https:\/\/www.lesjouetsvoyageurs.com\/location\/wp-json\/wp\/v2\/product\/5434"}],"collection":[{"href":"https:\/\/www.lesjouetsvoyageurs.com\/location\/wp-json\/wp\/v2\/product"}],"about":[{"href":"https:\/\/www.lesjouetsvoyageurs.com\/location\/wp-json\/wp\/v2\/types\/product"}],"wp:featuredmedia":[{"embeddable":true,"href":"https:\/\/www.lesjouetsvoyageurs.com\/location\/wp-json\/wp\/v2\/media\/5435"}],"wp:attachment":[{"href":"https:\/\/www.lesjouetsvoyageurs.com\/location\/wp-json\/wp\/v2\/media?parent=5434"}],"wp:term":[{"taxonomy":"product_cat","embeddable":true,"href":"https:\/\/www.lesjouetsvoyageurs.com\/location\/wp-json\/wp\/v2\/product_cat?post=5434"},{"taxonomy":"product_tag","embeddable":true,"href":"https:\/\/www.lesjouetsvoyageurs.com\/location\/wp-json\/wp\/v2\/product_tag?post=5434"}],"curies":[{"name":"wp","href":"https:\/\/api.w.org\/{rel}","templated":true}]}}