{"id":5442,"date":"2021-07-24T12:43:21","date_gmt":"2021-07-24T10:43:21","guid":{"rendered":"https:\/\/www.lesjouetsvoyageurs.com\/?post_type=product&#038;p=5442"},"modified":"2022-09-18T16:42:32","modified_gmt":"2022-09-18T14:42:32","slug":"jeu-postman-londji","status":"publish","type":"product","link":"https:\/\/www.lesjouetsvoyageurs.com\/location\/jouets\/jeu-postman-londji\/","title":{"rendered":"Jeu de soci\u00e9t\u00e9 Postman Londji"},"content":{"rendered":"<p>Postman est un jeu de soci\u00e9t\u00e9 pour les enfants et les adultes. En tant que facteur, votre mission est de livrer des lettres \u00e0 travers la ville. Vous recevez une carte qui vous indique dans quelle maison livrer votre courrier dont la difficult\u00e9 est adapt\u00e9e \u00e0 votre \u00e2ge. De cette mani\u00e8re, il est possible de jouer en famille !<\/p>\n<p>\ud83d\udc49 Consultez la pr\u00e9sentation de Londji.<\/p>\n<p><span style=\"font-size: 14.4px;\">\ud83d\udc95 Un jeu d&rsquo;observation qui plait autant aux grands qu&rsquo;aux petits<\/span><\/p>\n<p>LE PRIX ABONN\u00c9 C&rsquo;EST QUOI?<br \/>\nVous avez un coup de coeur pour un jouet propos\u00e9 \u00e0 la location?<br \/>\nNous vous proposons de garder chaque jouet lou\u00e9 \u00e0 un prix pr\u00e9f\u00e9rentiel, clairement indiqu\u00e9 sur chaque fiche.<\/p>\n","protected":false},"excerpt":{"rendered":"<p>Postman de Londji<\/p>\n<p>\u2764 Jeu de soci\u00e9t\u00e9 pour toute la famille<br \/>\n\u2764 Peut se jouer d\u00e8s 4 ans<br \/>\n\u2764 Un joli jeu d&rsquo;observation<\/p>\n","protected":false},"featured_media":5443,"template":"","meta":[],"product_cat":[15],"product_tag":[],"_links":{"self":[{"href":"https:\/\/www.lesjouetsvoyageurs.com\/location\/wp-json\/wp\/v2\/product\/5442"}],"collection":[{"href":"https:\/\/www.lesjouetsvoyageurs.com\/location\/wp-json\/wp\/v2\/product"}],"about":[{"href":"https:\/\/www.lesjouetsvoyageurs.com\/location\/wp-json\/wp\/v2\/types\/product"}],"wp:featuredmedia":[{"embeddable":true,"href":"https:\/\/www.lesjouetsvoyageurs.com\/location\/wp-json\/wp\/v2\/media\/5443"}],"wp:attachment":[{"href":"https:\/\/www.lesjouetsvoyageurs.com\/location\/wp-json\/wp\/v2\/media?parent=5442"}],"wp:term":[{"taxonomy":"product_cat","embeddable":true,"href":"https:\/\/www.lesjouetsvoyageurs.com\/location\/wp-json\/wp\/v2\/product_cat?post=5442"},{"taxonomy":"product_tag","embeddable":true,"href":"https:\/\/www.lesjouetsvoyageurs.com\/location\/wp-json\/wp\/v2\/product_tag?post=5442"}],"curies":[{"name":"wp","href":"https:\/\/api.w.org\/{rel}","templated":true}]}}