{"id":5445,"date":"2021-07-24T12:55:19","date_gmt":"2021-07-24T10:55:19","guid":{"rendered":"https:\/\/www.lesjouetsvoyageurs.com\/?post_type=product&#038;p=5445"},"modified":"2022-09-18T16:42:03","modified_gmt":"2022-09-18T14:42:03","slug":"jeu-bataplouf-djeco","status":"publish","type":"product","link":"https:\/\/www.lesjouetsvoyageurs.com\/location\/jouets\/jeu-bataplouf-djeco\/","title":{"rendered":"Jeu Bataplouf Djeco"},"content":{"rendered":"<p>Bataplouf, c&rsquo;est le jeu de cartes pour jouer \u00e0 la bataille que l&rsquo;on peut emmener partout ! Les cartes sont plastifi\u00e9es ce qui permet de les emmener dans le jardin, \u00e0 la plage et m\u00eame \u00e0 la piscine. Pour tous les enfants d\u00e8s 4 ans.<\/p>\n<p>\ud83d\udc49 Consultez la pr\u00e9sentation de Djeco.<\/p>\n<p><span style=\"font-size: 14.4px;\">\ud83d\udc95 Un jeu qui s&#8217;emm\u00e8ne partout<\/span><\/p>\n<p>LE PRIX ABONN\u00c9 C&rsquo;EST QUOI?<br \/>\nVous avez un coup de coeur pour un jouet propos\u00e9 \u00e0 la location?<br \/>\nNous vous proposons de garder chaque jouet lou\u00e9 \u00e0 un prix pr\u00e9f\u00e9rentiel, clairement indiqu\u00e9 sur chaque fiche.<\/p>\n","protected":false},"excerpt":{"rendered":"<p>Bataplouf de Djeco<\/p>\n<p>\u2764 Se joue d\u00e8s 4 ans<br \/>\n\u2764 Cartes plastifi\u00e9es pour jouer dans l&rsquo;eau<br \/>\n\u2764 Parfait pour les vacances !<\/p>\n","protected":false},"featured_media":5447,"template":"","meta":[],"product_cat":[15],"product_tag":[],"_links":{"self":[{"href":"https:\/\/www.lesjouetsvoyageurs.com\/location\/wp-json\/wp\/v2\/product\/5445"}],"collection":[{"href":"https:\/\/www.lesjouetsvoyageurs.com\/location\/wp-json\/wp\/v2\/product"}],"about":[{"href":"https:\/\/www.lesjouetsvoyageurs.com\/location\/wp-json\/wp\/v2\/types\/product"}],"wp:featuredmedia":[{"embeddable":true,"href":"https:\/\/www.lesjouetsvoyageurs.com\/location\/wp-json\/wp\/v2\/media\/5447"}],"wp:attachment":[{"href":"https:\/\/www.lesjouetsvoyageurs.com\/location\/wp-json\/wp\/v2\/media?parent=5445"}],"wp:term":[{"taxonomy":"product_cat","embeddable":true,"href":"https:\/\/www.lesjouetsvoyageurs.com\/location\/wp-json\/wp\/v2\/product_cat?post=5445"},{"taxonomy":"product_tag","embeddable":true,"href":"https:\/\/www.lesjouetsvoyageurs.com\/location\/wp-json\/wp\/v2\/product_tag?post=5445"}],"curies":[{"name":"wp","href":"https:\/\/api.w.org\/{rel}","templated":true}]}}