{"id":5458,"date":"2021-07-28T13:00:25","date_gmt":"2021-07-28T11:00:25","guid":{"rendered":"https:\/\/www.lesjouetsvoyageurs.com\/?post_type=product&#038;p=5458"},"modified":"2023-06-06T04:08:08","modified_gmt":"2023-06-06T02:08:08","slug":"culbuto-circulaire","status":"publish","type":"product","link":"https:\/\/www.lesjouetsvoyageurs.com\/location\/jouets\/culbuto-circulaire\/","title":{"rendered":"Culbuto circulaire en bois"},"content":{"rendered":"<p>Ce culbuto circulaire est compos\u00e9 d&rsquo;arc de cercles \u00e0 empiler.<\/p>\n<p>\ud83d\udc49 Consultez la pr\u00e9sentation de Blue Ribbon.<\/p>\n<p><span style=\"font-size: 14.4px;\">\ud83d\udc95\u00a0 D\u00e9veloppe la motricit\u00e9 fine<\/span><\/p>\n<p>LE PRIX ABONN\u00c9 C&rsquo;EST QUOI?<br \/>\nVous avez un coup de coeur pour un jouet propos\u00e9 \u00e0 la location?<br \/>\nNous vous proposons de garder chaque jouet lou\u00e9 \u00e0 un prix pr\u00e9f\u00e9rentiel, clairement indiqu\u00e9 sur chaque fiche.<\/p>\n","protected":false},"excerpt":{"rendered":"<p>Culbuto circulaire \u00e0 empiler<\/p>\n<p>\u2764 Pour les petits d\u00e8s 18 mois<br \/>\n\u2764 Bois d&rsquo;h\u00e9v\u00e9a<br \/>\n\u2764 Un joli jouet color\u00e9<\/p>\n","protected":false},"featured_media":5460,"template":"","meta":[],"product_cat":[15],"product_tag":[],"_links":{"self":[{"href":"https:\/\/www.lesjouetsvoyageurs.com\/location\/wp-json\/wp\/v2\/product\/5458"}],"collection":[{"href":"https:\/\/www.lesjouetsvoyageurs.com\/location\/wp-json\/wp\/v2\/product"}],"about":[{"href":"https:\/\/www.lesjouetsvoyageurs.com\/location\/wp-json\/wp\/v2\/types\/product"}],"wp:featuredmedia":[{"embeddable":true,"href":"https:\/\/www.lesjouetsvoyageurs.com\/location\/wp-json\/wp\/v2\/media\/5460"}],"wp:attachment":[{"href":"https:\/\/www.lesjouetsvoyageurs.com\/location\/wp-json\/wp\/v2\/media?parent=5458"}],"wp:term":[{"taxonomy":"product_cat","embeddable":true,"href":"https:\/\/www.lesjouetsvoyageurs.com\/location\/wp-json\/wp\/v2\/product_cat?post=5458"},{"taxonomy":"product_tag","embeddable":true,"href":"https:\/\/www.lesjouetsvoyageurs.com\/location\/wp-json\/wp\/v2\/product_tag?post=5458"}],"curies":[{"name":"wp","href":"https:\/\/api.w.org\/{rel}","templated":true}]}}