{"id":5526,"date":"2021-09-07T15:42:22","date_gmt":"2021-09-07T13:42:22","guid":{"rendered":"https:\/\/www.lesjouetsvoyageurs.com\/?post_type=product&#038;p=5526"},"modified":"2023-06-03T09:00:08","modified_gmt":"2023-06-03T07:00:08","slug":"toupie-bourdonnante-goki","status":"publish","type":"product","link":"https:\/\/www.lesjouetsvoyageurs.com\/location\/jouets\/toupie-bourdonnante-goki\/","title":{"rendered":"Toupie bourdonnante en bois et m\u00e9tal"},"content":{"rendered":"<div class=\"wrapper_desc_content\">\n<div class=\"productDescription__block productDescription__bs\">\n<p>Une toupie ind\u00e9modable en fer-blanc avec une poign\u00e9e en bois. Elle peut \u00eatre propos\u00e9e aux tout-petits d\u00e8s l&rsquo;\u00e2ge d&rsquo;un an et mesure 21 centim\u00e8tre de haut.<\/p>\n<\/div>\n<\/div>\n<p>\ud83d\udc49 Consultez la pr\u00e9sentation de Goki.<\/p>\n<p><span style=\"font-size: 14.4px;\">\ud83d\udc95\u00a0 D\u00e9veloppe la motricit\u00e9 fine<\/span><\/p>\n<p>LE PRIX ABONN\u00c9 C&rsquo;EST QUOI?<br \/>\nVous avez un coup de coeur pour un jouet propos\u00e9 \u00e0 la location?<br \/>\nNous vous proposons de garder chaque jouet lou\u00e9 \u00e0 un prix pr\u00e9f\u00e9rentiel, clairement indiqu\u00e9 sur chaque fiche.<\/p>\n","protected":false},"excerpt":{"rendered":"<p>Toupie bourdonnante bois et m\u00e9tal<\/p>\n<p>\u2764 Pour les petits d\u00e8s 12 mois<br \/>\n\u2764 Tr\u00e8s stable<br \/>\n\u2764 Un joli jouet intemporel<\/p>\n","protected":false},"featured_media":5527,"template":"","meta":[],"product_cat":[15],"product_tag":[],"_links":{"self":[{"href":"https:\/\/www.lesjouetsvoyageurs.com\/location\/wp-json\/wp\/v2\/product\/5526"}],"collection":[{"href":"https:\/\/www.lesjouetsvoyageurs.com\/location\/wp-json\/wp\/v2\/product"}],"about":[{"href":"https:\/\/www.lesjouetsvoyageurs.com\/location\/wp-json\/wp\/v2\/types\/product"}],"wp:featuredmedia":[{"embeddable":true,"href":"https:\/\/www.lesjouetsvoyageurs.com\/location\/wp-json\/wp\/v2\/media\/5527"}],"wp:attachment":[{"href":"https:\/\/www.lesjouetsvoyageurs.com\/location\/wp-json\/wp\/v2\/media?parent=5526"}],"wp:term":[{"taxonomy":"product_cat","embeddable":true,"href":"https:\/\/www.lesjouetsvoyageurs.com\/location\/wp-json\/wp\/v2\/product_cat?post=5526"},{"taxonomy":"product_tag","embeddable":true,"href":"https:\/\/www.lesjouetsvoyageurs.com\/location\/wp-json\/wp\/v2\/product_tag?post=5526"}],"curies":[{"name":"wp","href":"https:\/\/api.w.org\/{rel}","templated":true}]}}