{"id":5528,"date":"2021-09-07T15:49:01","date_gmt":"2021-09-07T13:49:01","guid":{"rendered":"https:\/\/www.lesjouetsvoyageurs.com\/?post_type=product&#038;p=5528"},"modified":"2023-09-06T11:24:10","modified_gmt":"2023-09-06T09:24:10","slug":"visanimo-djeco","status":"publish","type":"product","link":"https:\/\/www.lesjouetsvoyageurs.com\/location\/jouets\/visanimo-djeco\/","title":{"rendered":"Vis&rsquo;animo &#8211; jeu de vissage Djeco"},"content":{"rendered":"<div class=\"wrapper_desc_content\">\n<div class=\"productDescription__block productDescription__bs\">\n<p>Un ensemble de 4 vis&rsquo;animo pour aider les petits d\u00e8s 18 mois \u00e0 d\u00e9velopper leur motricit\u00e9 fine. Chaque animal se compose de 3 parties \u00e0 assembler.<\/p>\n<\/div>\n<\/div>\n<p>\ud83d\udc49 Consultez la pr\u00e9sentation de Djeco.<\/p>\n<p><span style=\"font-size: 14.4px;\">\ud83d\udc95\u00a0 D\u00e9veloppe la motricit\u00e9 fine<\/span><\/p>\n<p>LE PRIX ABONN\u00c9 C&rsquo;EST QUOI?<br \/>\nVous avez un coup de coeur pour un jouet propos\u00e9 \u00e0 la location?<br \/>\nNous vous proposons de garder chaque jouet lou\u00e9 \u00e0 un prix pr\u00e9f\u00e9rentiel, clairement indiqu\u00e9 sur chaque fiche.<\/p>\n","protected":false},"excerpt":{"rendered":"<p>Vis&rsquo;animo Djeco<\/p>\n<p>\u2764 Pour les petits d\u00e8s 18 mois<br \/>\n\u2764 D\u00e9veloppe la motricit\u00e9 fine<br \/>\n\u2764 Jouet en bois<\/p>\n","protected":false},"featured_media":5530,"template":"","meta":[],"product_cat":[15],"product_tag":[],"_links":{"self":[{"href":"https:\/\/www.lesjouetsvoyageurs.com\/location\/wp-json\/wp\/v2\/product\/5528"}],"collection":[{"href":"https:\/\/www.lesjouetsvoyageurs.com\/location\/wp-json\/wp\/v2\/product"}],"about":[{"href":"https:\/\/www.lesjouetsvoyageurs.com\/location\/wp-json\/wp\/v2\/types\/product"}],"wp:featuredmedia":[{"embeddable":true,"href":"https:\/\/www.lesjouetsvoyageurs.com\/location\/wp-json\/wp\/v2\/media\/5530"}],"wp:attachment":[{"href":"https:\/\/www.lesjouetsvoyageurs.com\/location\/wp-json\/wp\/v2\/media?parent=5528"}],"wp:term":[{"taxonomy":"product_cat","embeddable":true,"href":"https:\/\/www.lesjouetsvoyageurs.com\/location\/wp-json\/wp\/v2\/product_cat?post=5528"},{"taxonomy":"product_tag","embeddable":true,"href":"https:\/\/www.lesjouetsvoyageurs.com\/location\/wp-json\/wp\/v2\/product_tag?post=5528"}],"curies":[{"name":"wp","href":"https:\/\/api.w.org\/{rel}","templated":true}]}}