{"id":5569,"date":"2021-09-24T12:03:53","date_gmt":"2021-09-24T10:03:53","guid":{"rendered":"https:\/\/www.lesjouetsvoyageurs.com\/?post_type=product&#038;p=5569"},"modified":"2023-03-23T12:50:02","modified_gmt":"2023-03-23T10:50:02","slug":"kaleidoscope-vilac","status":"publish","type":"product","link":"https:\/\/www.lesjouetsvoyageurs.com\/location\/jouets\/kaleidoscope-vilac\/","title":{"rendered":"Kaleidoscope Vilac en m\u00e9tal"},"content":{"rendered":"<div class=\"wrapper_desc_content\">\n<div class=\"productDescription__block productDescription__bs\">\n<p>Ce kaleidoscope en m\u00e9tal a \u00e9t\u00e9 illustr\u00e9 par l&rsquo;illustratrice su\u00e9doise Ingela P. Arrhenius. Lorsqu&rsquo;on regarde dans le viseur et que l&rsquo;on tourne, de jolies formes apparaissent grace aux perles multicolores! Vous recevrez al\u00e9atoirement un des trois mod\u00e8les pr\u00e9sent\u00e9s sur l&rsquo;image.<\/p>\n<\/div>\n<\/div>\n<p>\ud83d\udc49 Consultez la pr\u00e9sentation de Vilac.<\/p>\n<p><span style=\"font-size: 14.4px;\">\ud83d\udc95\u00a0 Un monde f\u00e9\u00e9rique<\/span><\/p>\n<p>LE PRIX ABONN\u00c9 C&rsquo;EST QUOI?<br \/>\nVous avez un coup de coeur pour un jouet propos\u00e9 \u00e0 la location?<br \/>\nNous vous proposons de garder chaque jouet lou\u00e9 \u00e0 un prix pr\u00e9f\u00e9rentiel, clairement indiqu\u00e9 sur chaque fiche.<\/p>\n","protected":false},"excerpt":{"rendered":"<p>Kaleidoscope en m\u00e9tal<\/p>\n<p>\u2764 Pour les petits d\u00e8s 3 ans<br \/>\n\u2764 Des jolies illustrations<br \/>\n\u2764 Perles color\u00e9es<\/p>\n","protected":false},"featured_media":5570,"template":"","meta":[],"product_cat":[15],"product_tag":[],"_links":{"self":[{"href":"https:\/\/www.lesjouetsvoyageurs.com\/location\/wp-json\/wp\/v2\/product\/5569"}],"collection":[{"href":"https:\/\/www.lesjouetsvoyageurs.com\/location\/wp-json\/wp\/v2\/product"}],"about":[{"href":"https:\/\/www.lesjouetsvoyageurs.com\/location\/wp-json\/wp\/v2\/types\/product"}],"wp:featuredmedia":[{"embeddable":true,"href":"https:\/\/www.lesjouetsvoyageurs.com\/location\/wp-json\/wp\/v2\/media\/5570"}],"wp:attachment":[{"href":"https:\/\/www.lesjouetsvoyageurs.com\/location\/wp-json\/wp\/v2\/media?parent=5569"}],"wp:term":[{"taxonomy":"product_cat","embeddable":true,"href":"https:\/\/www.lesjouetsvoyageurs.com\/location\/wp-json\/wp\/v2\/product_cat?post=5569"},{"taxonomy":"product_tag","embeddable":true,"href":"https:\/\/www.lesjouetsvoyageurs.com\/location\/wp-json\/wp\/v2\/product_tag?post=5569"}],"curies":[{"name":"wp","href":"https:\/\/api.w.org\/{rel}","templated":true}]}}