{"id":5571,"date":"2021-09-24T12:14:17","date_gmt":"2021-09-24T10:14:17","guid":{"rendered":"https:\/\/www.lesjouetsvoyageurs.com\/?post_type=product&#038;p=5571"},"modified":"2023-07-06T09:06:26","modified_gmt":"2023-07-06T07:06:26","slug":"perroquet-a-pousser-vilac","status":"publish","type":"product","link":"https:\/\/www.lesjouetsvoyageurs.com\/location\/jouets\/perroquet-a-pousser-vilac\/","title":{"rendered":"Perroquet \u00e0 pousser Vilac"},"content":{"rendered":"<p>Lorsque votre enfant pousse le perroquet, ses pattes en caoutchouc naturel claquent sur le sol.<br \/>\nUn jeu qui encourage la motricit\u00e9 de l&rsquo;enfant qui aura plaisir \u00e0 le promener dans toute la maison et m\u00eame \u00e0 l&rsquo;ext\u00e9rieur.<\/p>\n<p>Envie d&rsquo;en savoir plus sur les engagements de la marque?<br \/>\n\ud83d\udc49\u00a0 Consultez la pr\u00e9sentation de Vilac<\/p>\n<p><span style=\"font-size: 14.4px;\">\ud83d\udc95 Encourage la motricit\u00e9 de l&rsquo;enfant<\/span>.<\/p>\n<p>LE PRIX ABONN\u00c9 C&rsquo;EST QUOI?<br \/>\nVous avez un coup de coeur pour un jouet propos\u00e9 \u00e0 la location?<br \/>\nNous vous proposons de garder chaque jouet lou\u00e9 \u00e0 un prix pr\u00e9f\u00e9rentiel, clairement indiqu\u00e9 sur chaque fiche.<\/p>\n","protected":false},"excerpt":{"rendered":"<p>Un perroquet \u00e0 promener partout !<\/p>\n<p>\u2764 A proposer \u00e0 b\u00e9b\u00e9 lorsqu&rsquo;il sait marcher<br \/>\n\u2764 Ses pattes claquent au sol \ud83c\udfb5<br \/>\n\u2764 <span style=\"font-size: 14.4px;\">Bois et caoutchouc \ud83c\udf3f<\/span><\/p>\n","protected":false},"featured_media":5573,"template":"","meta":[],"product_cat":[15],"product_tag":[],"_links":{"self":[{"href":"https:\/\/www.lesjouetsvoyageurs.com\/location\/wp-json\/wp\/v2\/product\/5571"}],"collection":[{"href":"https:\/\/www.lesjouetsvoyageurs.com\/location\/wp-json\/wp\/v2\/product"}],"about":[{"href":"https:\/\/www.lesjouetsvoyageurs.com\/location\/wp-json\/wp\/v2\/types\/product"}],"wp:featuredmedia":[{"embeddable":true,"href":"https:\/\/www.lesjouetsvoyageurs.com\/location\/wp-json\/wp\/v2\/media\/5573"}],"wp:attachment":[{"href":"https:\/\/www.lesjouetsvoyageurs.com\/location\/wp-json\/wp\/v2\/media?parent=5571"}],"wp:term":[{"taxonomy":"product_cat","embeddable":true,"href":"https:\/\/www.lesjouetsvoyageurs.com\/location\/wp-json\/wp\/v2\/product_cat?post=5571"},{"taxonomy":"product_tag","embeddable":true,"href":"https:\/\/www.lesjouetsvoyageurs.com\/location\/wp-json\/wp\/v2\/product_tag?post=5571"}],"curies":[{"name":"wp","href":"https:\/\/api.w.org\/{rel}","templated":true}]}}