{"id":5576,"date":"2021-09-24T12:27:54","date_gmt":"2021-09-24T10:27:54","guid":{"rendered":"https:\/\/www.lesjouetsvoyageurs.com\/?post_type=product&#038;p=5576"},"modified":"2022-12-04T21:47:53","modified_gmt":"2022-12-04T19:47:53","slug":"pyramide-danimaux-haba","status":"publish","type":"product","link":"https:\/\/www.lesjouetsvoyageurs.com\/location\/jouets\/pyramide-danimaux-haba\/","title":{"rendered":"Pyramide d&rsquo;animaux Haba"},"content":{"rendered":"<p><span style=\"color: #555555;\">Dans Pyramide d&rsquo;animaux, le petit pingouin essaie courageusement de grimper jusqu\u2019au sommet de la pyramide d\u2019animaux et commence par monter sur le dos du crocodile. Petit \u00e0 petit, les animaux finissent par former une v\u00e9ritable pyramide, dans laquelle le mouton est perch\u00e9 sur le toucan, le singe sur le h\u00e9risson. Qui parviendra \u00e0 atteindre le sommet ?<\/span><\/p>\n<p><span style=\"color: #555555;\">Pyramide d&rsquo;animaux est un jeu d&#8217;empilement rigolo pour les enfants \u00e0 partie de 4 ans. Il stimule la coordination main-oeil, d\u00e9veloppe l&rsquo;esprit d&rsquo;anticipation et la pens\u00e9e tridimensionnelle. Cerise sur le g\u00e2teau, il se joue aussi bien seul qu&rsquo;\u00e0 plusieurs !<\/span><\/p>\n<p>Envie d&rsquo;en savoir plus sur les engagements de la marque?<br \/>\n\ud83d\udc49 Consultez la pr\u00e9sentation de Haba.<\/p>\n<p><span style=\"font-size: 14.4px;\">\ud83d\udc95 Un jeu captivant et tr\u00e8s divertissant.<\/span><\/p>\n<p>Un jeu de soci\u00e9t\u00e9 fabriqu\u00e9 en Allemagne.<\/p>\n<p>LE PRIX ABONN\u00c9 C&rsquo;EST QUOI?<br \/>\nVous avez un coup de coeur pour un jouet propos\u00e9 \u00e0 la location?<br \/>\nNous vous proposons de garder chaque jouet lou\u00e9 \u00e0 un prix pr\u00e9f\u00e9rentiel, clairement indiqu\u00e9 sur chaque fiche.<\/p>\n","protected":false},"excerpt":{"rendered":"<p>Jeu d&#8217;empilement d\u00e8s 4 ans<\/p>\n<p>\u2764 Se joue seul ou \u00e0 plusieurs<br \/>\n\u2764 D\u00e9veloppe l&rsquo;intelligence tridimensionnelle<br \/>\n\u2764 Requiert de l&rsquo;anticipation<\/p>\n","protected":false},"featured_media":5577,"template":"","meta":[],"product_cat":[15],"product_tag":[],"_links":{"self":[{"href":"https:\/\/www.lesjouetsvoyageurs.com\/location\/wp-json\/wp\/v2\/product\/5576"}],"collection":[{"href":"https:\/\/www.lesjouetsvoyageurs.com\/location\/wp-json\/wp\/v2\/product"}],"about":[{"href":"https:\/\/www.lesjouetsvoyageurs.com\/location\/wp-json\/wp\/v2\/types\/product"}],"wp:featuredmedia":[{"embeddable":true,"href":"https:\/\/www.lesjouetsvoyageurs.com\/location\/wp-json\/wp\/v2\/media\/5577"}],"wp:attachment":[{"href":"https:\/\/www.lesjouetsvoyageurs.com\/location\/wp-json\/wp\/v2\/media?parent=5576"}],"wp:term":[{"taxonomy":"product_cat","embeddable":true,"href":"https:\/\/www.lesjouetsvoyageurs.com\/location\/wp-json\/wp\/v2\/product_cat?post=5576"},{"taxonomy":"product_tag","embeddable":true,"href":"https:\/\/www.lesjouetsvoyageurs.com\/location\/wp-json\/wp\/v2\/product_tag?post=5576"}],"curies":[{"name":"wp","href":"https:\/\/api.w.org\/{rel}","templated":true}]}}