{"id":5585,"date":"2021-09-24T12:54:56","date_gmt":"2021-09-24T10:54:56","guid":{"rendered":"https:\/\/www.lesjouetsvoyageurs.com\/?post_type=product&#038;p=5585"},"modified":"2023-07-20T08:33:29","modified_gmt":"2023-07-20T06:33:29","slug":"jeu-de-cartes-mininature-djeco","status":"publish","type":"product","link":"https:\/\/www.lesjouetsvoyageurs.com\/location\/jouets\/jeu-de-cartes-mininature-djeco\/","title":{"rendered":"Jeu de 7 familles Mini Nature de Djeco"},"content":{"rendered":"<div id=\"product-description-short-2352\" class=\"rte-content\">\n<p>D\u00e9couvrez<strong>\u00a0Mini nature<\/strong>\u00a0de\u00a0<strong>Djeco<\/strong>, un\u00a0<strong>jeu de 7 familles<\/strong>\u00a0inspir\u00e9 des grands classiques des\u00a0<strong>jeux de cartes<\/strong>\u00a0pour les plus petits,\u00a0un jeu pour les enfants\u00a0<strong>de 4 \u00e0 7 ans<\/strong>.<\/p>\n<p>Mini nature de Djeco est un jeu de 7 familles pour les plus petits. Chaque famille se compose de 4 animaux qui vivent dans le m\u00eame environnement comme les animaux de la savane ou de la for\u00eat. Celui qui compose le plus de familles gagne la partie!<\/p>\n<p>La boite contient 28 cartes avec de belles illustrations pour faire r\u00eaver les enfants.<\/p>\n<\/div>\n<p>\ud83d\udc49 Consultez la pr\u00e9sentation de Djeco.<\/p>\n<p><span style=\"font-size: 14.4px;\">\ud83d\udc95 Un premier jeu de 7 familles<\/span><\/p>\n<p>LE PRIX ABONN\u00c9 C&rsquo;EST QUOI?<br \/>\nVous avez un coup de coeur pour un jouet propos\u00e9 \u00e0 la location?<br \/>\nNous vous proposons de garder chaque jouet lou\u00e9 \u00e0 un prix pr\u00e9f\u00e9rentiel, clairement indiqu\u00e9 sur chaque fiche.<\/p>\n","protected":false},"excerpt":{"rendered":"<p>Jeu de 7 familles Mini Nature<\/p>\n<p>\u2764 Se joue d\u00e8s 4 ans<br \/>\n\u2764 Jolies illustrations<br \/>\n\u2764 Stimule le langage et la m\u00e9moire<\/p>\n","protected":false},"featured_media":5586,"template":"","meta":[],"product_cat":[15],"product_tag":[],"_links":{"self":[{"href":"https:\/\/www.lesjouetsvoyageurs.com\/location\/wp-json\/wp\/v2\/product\/5585"}],"collection":[{"href":"https:\/\/www.lesjouetsvoyageurs.com\/location\/wp-json\/wp\/v2\/product"}],"about":[{"href":"https:\/\/www.lesjouetsvoyageurs.com\/location\/wp-json\/wp\/v2\/types\/product"}],"wp:featuredmedia":[{"embeddable":true,"href":"https:\/\/www.lesjouetsvoyageurs.com\/location\/wp-json\/wp\/v2\/media\/5586"}],"wp:attachment":[{"href":"https:\/\/www.lesjouetsvoyageurs.com\/location\/wp-json\/wp\/v2\/media?parent=5585"}],"wp:term":[{"taxonomy":"product_cat","embeddable":true,"href":"https:\/\/www.lesjouetsvoyageurs.com\/location\/wp-json\/wp\/v2\/product_cat?post=5585"},{"taxonomy":"product_tag","embeddable":true,"href":"https:\/\/www.lesjouetsvoyageurs.com\/location\/wp-json\/wp\/v2\/product_tag?post=5585"}],"curies":[{"name":"wp","href":"https:\/\/api.w.org\/{rel}","templated":true}]}}