{"id":5620,"date":"2021-10-08T22:23:44","date_gmt":"2021-10-08T20:23:44","guid":{"rendered":"https:\/\/www.lesjouetsvoyageurs.com\/?post_type=product&#038;p=5620"},"modified":"2022-10-19T20:06:19","modified_gmt":"2022-10-19T18:06:19","slug":"balle-eveil-elephant","status":"publish","type":"product","link":"https:\/\/www.lesjouetsvoyageurs.com\/location\/jouets\/balle-eveil-elephant\/","title":{"rendered":"El\u00e9phant &#8211; Balle d&rsquo;\u00e9veil en tissu"},"content":{"rendered":"<div id=\"product-description-short-2352\" class=\"rte-content\">\n<p id=\"tw-target-text\" class=\"tw-data-text tw-text-large XcVN5d tw-ta\" dir=\"ltr\" data-placeholder=\"Traduction\">Cette balle d\u2019activit\u00e9 carillonne lorsqu\u2019on la secoue. Une balle toute douce et facile \u00e0 attraper pour les petites mains !<\/p>\n<p class=\"tw-data-text tw-text-large XcVN5d tw-ta\" dir=\"ltr\" data-placeholder=\"Traduction\">Hauteur 11 cm. Convient aux nouveaux-n\u00e9s.<\/p>\n<\/div>\n<p>\ud83d\udc49 Consultez la pr\u00e9sentation de Jellycat.<\/p>\n<p><span style=\"font-size: 14.4px;\">\ud83d\udc95 Retrouver aussi ce mignon petit \u00e9l\u00e9phant \u00e0 la location dans la version hochet !<\/span><\/p>\n<p>LE PRIX ABONN\u00c9 C&rsquo;EST QUOI?<br \/>\nVous avez un coup de coeur pour un jouet propos\u00e9 \u00e0 la location?<br \/>\nNous vous proposons de garder chaque jouet lou\u00e9 \u00e0 un prix pr\u00e9f\u00e9rentiel, clairement indiqu\u00e9 sur chaque fiche.<\/p>\n","protected":false},"excerpt":{"rendered":"<p>Balle d&rsquo;activit\u00e9 \u00e9l\u00e9phant<\/p>\n<p>\u2764 D\u00e8s la naissance<br \/>\n\u2764 Toute douce et textur\u00e9e<br \/>\n\u2764 Carillonne lorsqu&rsquo;on la secoue<\/p>\n","protected":false},"featured_media":5621,"template":"","meta":[],"product_cat":[15],"product_tag":[],"_links":{"self":[{"href":"https:\/\/www.lesjouetsvoyageurs.com\/location\/wp-json\/wp\/v2\/product\/5620"}],"collection":[{"href":"https:\/\/www.lesjouetsvoyageurs.com\/location\/wp-json\/wp\/v2\/product"}],"about":[{"href":"https:\/\/www.lesjouetsvoyageurs.com\/location\/wp-json\/wp\/v2\/types\/product"}],"wp:featuredmedia":[{"embeddable":true,"href":"https:\/\/www.lesjouetsvoyageurs.com\/location\/wp-json\/wp\/v2\/media\/5621"}],"wp:attachment":[{"href":"https:\/\/www.lesjouetsvoyageurs.com\/location\/wp-json\/wp\/v2\/media?parent=5620"}],"wp:term":[{"taxonomy":"product_cat","embeddable":true,"href":"https:\/\/www.lesjouetsvoyageurs.com\/location\/wp-json\/wp\/v2\/product_cat?post=5620"},{"taxonomy":"product_tag","embeddable":true,"href":"https:\/\/www.lesjouetsvoyageurs.com\/location\/wp-json\/wp\/v2\/product_tag?post=5620"}],"curies":[{"name":"wp","href":"https:\/\/api.w.org\/{rel}","templated":true}]}}