{"id":5622,"date":"2021-10-08T22:31:53","date_gmt":"2021-10-08T20:31:53","guid":{"rendered":"https:\/\/www.lesjouetsvoyageurs.com\/?post_type=product&#038;p=5622"},"modified":"2022-09-18T16:39:09","modified_gmt":"2022-09-18T14:39:09","slug":"hochet-elephant-bois-tissu","status":"publish","type":"product","link":"https:\/\/www.lesjouetsvoyageurs.com\/location\/jouets\/hochet-elephant-bois-tissu\/","title":{"rendered":"El\u00e9phant &#8211; Hochet d&rsquo;\u00e9veil bois et tissu"},"content":{"rendered":"<div id=\"product-description-short-2352\" class=\"rte-content\">\n<p id=\"tw-target-text\" class=\"tw-data-text tw-text-large XcVN5d tw-ta\" dir=\"ltr\" data-placeholder=\"Traduction\">Ce hochet en bois \u00e9l\u00e9phant pr\u00e9sente un \u00e9ventail de textures aux tout-petits. Facile \u00e0 attraper avec son anneau et sa trompe rigolote, ce beau hochet fait du bruit lorsqu\u2019on le secoue !<\/p>\n<p class=\"tw-data-text tw-text-large XcVN5d tw-ta\" dir=\"ltr\" data-placeholder=\"Traduction\">Hauteur 14 cm. Convient aux nouveaux-n\u00e9s.<\/p>\n<\/div>\n<p>\ud83d\udc49 Consultez la pr\u00e9sentation de Jellycat.<\/p>\n<p><span style=\"font-size: 14.4px;\">\ud83d\udc95 Retrouver aussi ce mignon petit \u00e9l\u00e9phant \u00e0 la location dans la version balle d&rsquo;\u00e9veil !<\/span><\/p>\n<p>LE PRIX ABONN\u00c9 C&rsquo;EST QUOI?<br \/>\nVous avez un coup de coeur pour un jouet propos\u00e9 \u00e0 la location?<br \/>\nNous vous proposons de garder chaque jouet lou\u00e9 \u00e0 un prix pr\u00e9f\u00e9rentiel, clairement indiqu\u00e9 sur chaque fiche.<\/p>\n","protected":false},"excerpt":{"rendered":"<p>Hochet d&rsquo;\u00e9veil \u00e9l\u00e9phant<\/p>\n<p>\u2764 D\u00e8s la naissance<br \/>\n\u2764 Bois et tissu textur\u00e9<br \/>\n\u2764 Facile \u00e0 prendre en main<\/p>\n","protected":false},"featured_media":5623,"template":"","meta":[],"product_cat":[15],"product_tag":[],"_links":{"self":[{"href":"https:\/\/www.lesjouetsvoyageurs.com\/location\/wp-json\/wp\/v2\/product\/5622"}],"collection":[{"href":"https:\/\/www.lesjouetsvoyageurs.com\/location\/wp-json\/wp\/v2\/product"}],"about":[{"href":"https:\/\/www.lesjouetsvoyageurs.com\/location\/wp-json\/wp\/v2\/types\/product"}],"wp:featuredmedia":[{"embeddable":true,"href":"https:\/\/www.lesjouetsvoyageurs.com\/location\/wp-json\/wp\/v2\/media\/5623"}],"wp:attachment":[{"href":"https:\/\/www.lesjouetsvoyageurs.com\/location\/wp-json\/wp\/v2\/media?parent=5622"}],"wp:term":[{"taxonomy":"product_cat","embeddable":true,"href":"https:\/\/www.lesjouetsvoyageurs.com\/location\/wp-json\/wp\/v2\/product_cat?post=5622"},{"taxonomy":"product_tag","embeddable":true,"href":"https:\/\/www.lesjouetsvoyageurs.com\/location\/wp-json\/wp\/v2\/product_tag?post=5622"}],"curies":[{"name":"wp","href":"https:\/\/api.w.org\/{rel}","templated":true}]}}