{"id":5629,"date":"2021-10-08T22:44:11","date_gmt":"2021-10-08T20:44:11","guid":{"rendered":"https:\/\/www.lesjouetsvoyageurs.com\/?post_type=product&#038;p=5629"},"modified":"2022-09-18T16:36:36","modified_gmt":"2022-09-18T14:36:36","slug":"imagier-des-comptines-in-english","status":"publish","type":"product","link":"https:\/\/www.lesjouetsvoyageurs.com\/location\/jouets\/imagier-des-comptines-in-english\/","title":{"rendered":"Imagier des comptines &#8211; In english"},"content":{"rendered":"<div id=\"product-description-short-2352\" class=\"rte-content\">\n<p id=\"tw-target-text\" class=\"tw-data-text tw-text-large XcVN5d tw-ta\" dir=\"ltr\" data-placeholder=\"Traduction\">L\u2019imagier des comptines \u00ab in english \u00bb contient 20 fiches comprenant une illustration et la comptine correspondante au dos.<\/p>\n<\/div>\n<p>\ud83d\udc49 Consultez la pr\u00e9sentation des \u00e9ditions La Marmoti\u00e8re.<\/p>\n<p><span style=\"font-size: 14.4px;\">\ud83d\udc95 Retrouver les comptines \u00ab\u00a0la nature\u00a0\u00bb et \u00ab\u00a0les animaux\u00a0\u00bb dans la m\u00eame collection !<\/span><\/p>\n<p>LE PRIX ABONN\u00c9 C&rsquo;EST QUOI?<br \/>\nVous avez un coup de coeur pour un jouet propos\u00e9 \u00e0 la location?<br \/>\nNous vous proposons de garder chaque jouet lou\u00e9 \u00e0 un prix pr\u00e9f\u00e9rentiel, clairement indiqu\u00e9 sur chaque fiche.<\/p>\n","protected":false},"excerpt":{"rendered":"<p>Imagier des comptines<\/p>\n<p>\u2764 Id\u00e9al de la naissance \u00e0 3 ans<br \/>\n\u2764 20 comptines diff\u00e9rentes<br \/>\n\u2764 Comptines en anglais<\/p>\n","protected":false},"featured_media":5630,"template":"","meta":[],"product_cat":[15],"product_tag":[],"_links":{"self":[{"href":"https:\/\/www.lesjouetsvoyageurs.com\/location\/wp-json\/wp\/v2\/product\/5629"}],"collection":[{"href":"https:\/\/www.lesjouetsvoyageurs.com\/location\/wp-json\/wp\/v2\/product"}],"about":[{"href":"https:\/\/www.lesjouetsvoyageurs.com\/location\/wp-json\/wp\/v2\/types\/product"}],"wp:featuredmedia":[{"embeddable":true,"href":"https:\/\/www.lesjouetsvoyageurs.com\/location\/wp-json\/wp\/v2\/media\/5630"}],"wp:attachment":[{"href":"https:\/\/www.lesjouetsvoyageurs.com\/location\/wp-json\/wp\/v2\/media?parent=5629"}],"wp:term":[{"taxonomy":"product_cat","embeddable":true,"href":"https:\/\/www.lesjouetsvoyageurs.com\/location\/wp-json\/wp\/v2\/product_cat?post=5629"},{"taxonomy":"product_tag","embeddable":true,"href":"https:\/\/www.lesjouetsvoyageurs.com\/location\/wp-json\/wp\/v2\/product_tag?post=5629"}],"curies":[{"name":"wp","href":"https:\/\/api.w.org\/{rel}","templated":true}]}}