{"id":5631,"date":"2021-10-08T22:47:19","date_gmt":"2021-10-08T20:47:19","guid":{"rendered":"https:\/\/www.lesjouetsvoyageurs.com\/?post_type=product&#038;p=5631"},"modified":"2023-03-28T11:14:53","modified_gmt":"2023-03-28T09:14:53","slug":"livre-eveil-tissu-montessori","status":"publish","type":"product","link":"https:\/\/www.lesjouetsvoyageurs.com\/location\/jouets\/livre-eveil-tissu-montessori\/","title":{"rendered":"Livre d&rsquo;\u00e9veil en tissu Montessori"},"content":{"rendered":"<div id=\"product-description-short-2352\" class=\"rte-content\">\n<p id=\"tw-target-text\" class=\"tw-data-text tw-text-large XcVN5d tw-ta\" dir=\"ltr\" data-placeholder=\"Traduction\">Ce livre d\u2019\u00e9veil Montessori en tissu accompagne le d\u00e9veloppement psychomoteur de b\u00e9b\u00e9 tout le long de sa premi\u00e8re et deuxi\u00e8me ann\u00e9e. Il contient six activit\u00e9s d\u2019\u00e9veil stimulantes et parfaitement adapt\u00e9es aux enfants de 0 \u00e0 2 ans.<\/p>\n<\/div>\n<p><span style=\"font-size: 14.4px;\">\ud83d\udc95 Plein de textures et d&rsquo;activit\u00e9s vari\u00e9es<\/span><\/p>\n<p>LE PRIX ABONN\u00c9 C&rsquo;EST QUOI?<br \/>\nVous avez un coup de coeur pour un jouet propos\u00e9 \u00e0 la location?<br \/>\nNous vous proposons de garder chaque jouet lou\u00e9 \u00e0 un prix pr\u00e9f\u00e9rentiel, clairement indiqu\u00e9 sur chaque fiche.<\/p>\n","protected":false},"excerpt":{"rendered":"<p>Livre d&rsquo;activit\u00e9s Montessori<\/p>\n<p>\u2764 Id\u00e9al de la naissance \u00e0 2 ans<br \/>\n\u2764 Des activit\u00e9s vari\u00e9es<br \/>\n\u2764 Plein de textures \u00e0 d\u00e9couvrir<\/p>\n","protected":false},"featured_media":5632,"template":"","meta":[],"product_cat":[15],"product_tag":[],"_links":{"self":[{"href":"https:\/\/www.lesjouetsvoyageurs.com\/location\/wp-json\/wp\/v2\/product\/5631"}],"collection":[{"href":"https:\/\/www.lesjouetsvoyageurs.com\/location\/wp-json\/wp\/v2\/product"}],"about":[{"href":"https:\/\/www.lesjouetsvoyageurs.com\/location\/wp-json\/wp\/v2\/types\/product"}],"wp:featuredmedia":[{"embeddable":true,"href":"https:\/\/www.lesjouetsvoyageurs.com\/location\/wp-json\/wp\/v2\/media\/5632"}],"wp:attachment":[{"href":"https:\/\/www.lesjouetsvoyageurs.com\/location\/wp-json\/wp\/v2\/media?parent=5631"}],"wp:term":[{"taxonomy":"product_cat","embeddable":true,"href":"https:\/\/www.lesjouetsvoyageurs.com\/location\/wp-json\/wp\/v2\/product_cat?post=5631"},{"taxonomy":"product_tag","embeddable":true,"href":"https:\/\/www.lesjouetsvoyageurs.com\/location\/wp-json\/wp\/v2\/product_tag?post=5631"}],"curies":[{"name":"wp","href":"https:\/\/api.w.org\/{rel}","templated":true}]}}