{"id":5636,"date":"2021-10-08T22:54:36","date_gmt":"2021-10-08T20:54:36","guid":{"rendered":"https:\/\/www.lesjouetsvoyageurs.com\/?post_type=product&#038;p=5636"},"modified":"2022-09-18T16:36:10","modified_gmt":"2022-09-18T14:36:10","slug":"livre-de-bain-magique-janod","status":"publish","type":"product","link":"https:\/\/www.lesjouetsvoyageurs.com\/location\/jouets\/livre-de-bain-magique-janod\/","title":{"rendered":"Livre de bain magique Janod"},"content":{"rendered":"<div id=\"product-description-short-2352\" class=\"rte-content\">\n<p>Lorsque b\u00e9b\u00e9 prend son bain, il peut s\u2019amuser avec son livre de bain magique. D\u00e8s 10 mois, l\u2019enfant peut jouer \u00e0 cache cache avec les animaux qui apparaissent comme par magie lorsque le livre est plong\u00e9 dans l\u2019eau. D\u00e8s que le livre est sec, les animaux disparaissent de nouveau ! Le crabe, la tortue et tous leurs amis plairont beaucoup \u00e0 b\u00e9b\u00e9 et participent \u00e0 faire du bain un moment de d\u00e9tente et de joie !<\/p>\n<\/div>\n<p><span style=\"font-size: 14.4px;\">\ud83d\udc95 Les images apparaissent dans l&rsquo;eau<\/span><\/p>\n<p><span style=\"font-size: 14.4px;\">LE PRIX ABONN\u00c9 C&rsquo;EST QUOI?<\/span><\/p>\n<p>Vous avez un coup de coeur pour un jouet propos\u00e9 \u00e0 la location?<br \/>\nNous vous proposons de garder chaque jouet lou\u00e9 \u00e0 un prix pr\u00e9f\u00e9rentiel, clairement indiqu\u00e9 sur chaque fiche.<\/p>\n","protected":false},"excerpt":{"rendered":"<p>Livre de bain Janod<\/p>\n<p>\u2764 Jouet de bain<br \/>\n\u2764 Les images apparaissent dans l&rsquo;eau<br \/>\n\u2764 Sur le th\u00e8me de l&rsquo;oc\u00e9an<\/p>\n","protected":false},"featured_media":5638,"template":"","meta":[],"product_cat":[15],"product_tag":[],"_links":{"self":[{"href":"https:\/\/www.lesjouetsvoyageurs.com\/location\/wp-json\/wp\/v2\/product\/5636"}],"collection":[{"href":"https:\/\/www.lesjouetsvoyageurs.com\/location\/wp-json\/wp\/v2\/product"}],"about":[{"href":"https:\/\/www.lesjouetsvoyageurs.com\/location\/wp-json\/wp\/v2\/types\/product"}],"wp:featuredmedia":[{"embeddable":true,"href":"https:\/\/www.lesjouetsvoyageurs.com\/location\/wp-json\/wp\/v2\/media\/5638"}],"wp:attachment":[{"href":"https:\/\/www.lesjouetsvoyageurs.com\/location\/wp-json\/wp\/v2\/media?parent=5636"}],"wp:term":[{"taxonomy":"product_cat","embeddable":true,"href":"https:\/\/www.lesjouetsvoyageurs.com\/location\/wp-json\/wp\/v2\/product_cat?post=5636"},{"taxonomy":"product_tag","embeddable":true,"href":"https:\/\/www.lesjouetsvoyageurs.com\/location\/wp-json\/wp\/v2\/product_tag?post=5636"}],"curies":[{"name":"wp","href":"https:\/\/api.w.org\/{rel}","templated":true}]}}