{"id":5732,"date":"2021-11-17T17:15:36","date_gmt":"2021-11-17T15:15:36","guid":{"rendered":"https:\/\/www.lesjouetsvoyageurs.com\/?post_type=product&#038;p=5732"},"modified":"2023-06-03T09:00:07","modified_gmt":"2023-06-03T07:00:07","slug":"balle-easy-grip-tickit","status":"publish","type":"product","link":"https:\/\/www.lesjouetsvoyageurs.com\/location\/jouets\/balle-easy-grip-tickit\/","title":{"rendered":"Balle textur\u00e9e \u00ab\u00a0easy grip\u00a0\u00bb Tickit"},"content":{"rendered":"<p>La balle textur\u00e9e Tickiti \u00ab\u00a0easy grip\u00a0\u00bb peut \u00eatre propos\u00e9e d\u00e8s la naissance. Elle est envoy\u00e9e al\u00e9atoirement dans l&rsquo;un des 4 coloris disponibles : rouge, bleu, jaune ou vert.<\/p>\n<p>LE PRIX ABONN\u00c9 C&rsquo;EST QUOI?<br \/>\nVous avez un coup de coeur pour un jouet propos\u00e9 \u00e0 la location?<br \/>\nNous vous proposons de garder chaque jouet lou\u00e9 \u00e0 un prix pr\u00e9f\u00e9rentiel, clairement indiqu\u00e9 sur chaque fiche.<\/p>\n","protected":false},"excerpt":{"rendered":"<p>Balle textur\u00e9e \u00ab\u00a0easy grip\u00a0\u00bb<\/p>\n<p>\u2764 Facile \u00e0 agripper<br \/>\n\u2764 4 coloris<br \/>\n\u2764 Balle adapt\u00e9e pour les petits<\/p>\n","protected":false},"featured_media":5733,"template":"","meta":[],"product_cat":[15],"product_tag":[],"_links":{"self":[{"href":"https:\/\/www.lesjouetsvoyageurs.com\/location\/wp-json\/wp\/v2\/product\/5732"}],"collection":[{"href":"https:\/\/www.lesjouetsvoyageurs.com\/location\/wp-json\/wp\/v2\/product"}],"about":[{"href":"https:\/\/www.lesjouetsvoyageurs.com\/location\/wp-json\/wp\/v2\/types\/product"}],"wp:featuredmedia":[{"embeddable":true,"href":"https:\/\/www.lesjouetsvoyageurs.com\/location\/wp-json\/wp\/v2\/media\/5733"}],"wp:attachment":[{"href":"https:\/\/www.lesjouetsvoyageurs.com\/location\/wp-json\/wp\/v2\/media?parent=5732"}],"wp:term":[{"taxonomy":"product_cat","embeddable":true,"href":"https:\/\/www.lesjouetsvoyageurs.com\/location\/wp-json\/wp\/v2\/product_cat?post=5732"},{"taxonomy":"product_tag","embeddable":true,"href":"https:\/\/www.lesjouetsvoyageurs.com\/location\/wp-json\/wp\/v2\/product_tag?post=5732"}],"curies":[{"name":"wp","href":"https:\/\/api.w.org\/{rel}","templated":true}]}}