{"id":5736,"date":"2021-11-17T17:54:44","date_gmt":"2021-11-17T15:54:44","guid":{"rendered":"https:\/\/www.lesjouetsvoyageurs.com\/?post_type=product&#038;p=5736"},"modified":"2022-09-18T16:35:33","modified_gmt":"2022-09-18T14:35:33","slug":"premier-cube-dactivites-everearth","status":"publish","type":"product","link":"https:\/\/www.lesjouetsvoyageurs.com\/location\/jouets\/premier-cube-dactivites-everearth\/","title":{"rendered":"Premier cube d&rsquo;activit\u00e9s Everearth"},"content":{"rendered":"<p>Le premier cube d&rsquo;activit\u00e9s <a href=\"https:\/\/everearth-shop.eu\/\" target=\"_blank\" rel=\"noopener\">Everearth<\/a> inclut un couvercle amovible et r\u00e9versible avec un boulier, des \u00e9l\u00e9ments \u00e0 d\u00e9placer et \u00e0 encastrer pour am\u00e9liorer la coordination main-oeil.<\/p>\n<p>Envie d&rsquo;en savoir plus sur les engagements de la marque?<br \/>\n\ud83d\udc49 Consultez la <a href=\"https:\/\/www.lesjouetsvoyageurs.com\/location\/blog\/jouets-everearth\/\">pr\u00e9sentation de Everearth<\/a>.<\/p>\n<p><span style=\"font-size: 14.4px;\">\ud83d\udc95 Le cube d&rsquo;activit\u00e9s d\u00e9veloppe la motricit\u00e9 fine des tout petits.<\/span><\/p>\n<h2><span style=\"font-size: 80%;\">Qu&rsquo;est-ce que le prix abonn\u00e9 du triangle d&rsquo;activit\u00e9s Everearth?<\/span><\/h2>\n<p>Lorsque vous avez un coup de coeur pour un jouet et que vous souhaitez le garder : c&rsquo;est possible !<br \/>\nNous vous proposons le jouet \u00e0 un tarif pr\u00e9f\u00e9rentiel, exclusivement r\u00e9serv\u00e9 \u00e0 nos abonn\u00e9s et clairement indiqu\u00e9 sur chaque fiche.<\/p>\n","protected":false},"excerpt":{"rendered":"<p>Premier cube d&rsquo;activit\u00e9s Everearth<\/p>\n<p>\u2764 Diff\u00e9rentes activit\u00e9s sur 5 faces<br \/>\n\u2764 Formes \u00e0 encastrer<br \/>\n\u2764 Bois FSC et couleurs \u00e0 base d&rsquo;eau \ud83c\udf3f<\/p>\n","protected":false},"featured_media":5738,"template":"","meta":[],"product_cat":[15],"product_tag":[],"_links":{"self":[{"href":"https:\/\/www.lesjouetsvoyageurs.com\/location\/wp-json\/wp\/v2\/product\/5736"}],"collection":[{"href":"https:\/\/www.lesjouetsvoyageurs.com\/location\/wp-json\/wp\/v2\/product"}],"about":[{"href":"https:\/\/www.lesjouetsvoyageurs.com\/location\/wp-json\/wp\/v2\/types\/product"}],"wp:featuredmedia":[{"embeddable":true,"href":"https:\/\/www.lesjouetsvoyageurs.com\/location\/wp-json\/wp\/v2\/media\/5738"}],"wp:attachment":[{"href":"https:\/\/www.lesjouetsvoyageurs.com\/location\/wp-json\/wp\/v2\/media?parent=5736"}],"wp:term":[{"taxonomy":"product_cat","embeddable":true,"href":"https:\/\/www.lesjouetsvoyageurs.com\/location\/wp-json\/wp\/v2\/product_cat?post=5736"},{"taxonomy":"product_tag","embeddable":true,"href":"https:\/\/www.lesjouetsvoyageurs.com\/location\/wp-json\/wp\/v2\/product_tag?post=5736"}],"curies":[{"name":"wp","href":"https:\/\/api.w.org\/{rel}","templated":true}]}}