{"id":5823,"date":"2021-12-30T18:36:51","date_gmt":"2021-12-30T16:36:51","guid":{"rendered":"https:\/\/www.lesjouetsvoyageurs.com\/?post_type=product&#038;p=5823"},"modified":"2022-09-18T16:35:17","modified_gmt":"2022-09-18T14:35:17","slug":"panier-legumes-decoupe-newclassictoys","status":"publish","type":"product","link":"https:\/\/www.lesjouetsvoyageurs.com\/location\/jouets\/panier-legumes-decoupe-newclassictoys\/","title":{"rendered":"Panier de l\u00e9gumes \u00e0 d\u00e9couper"},"content":{"rendered":"<p>Cet ensemble comprend 8 l\u00e9gumes, une planche \u00e0 d\u00e9couper et un couteau en bois, comme un chef ! Conseill\u00e9 pour les enfants \u00e0 partir de 2 ans.<\/p>\n<p>Envie d&rsquo;en savoir plus sur les engagements de la marque?<br \/>\n\ud83d\udc49 Consultez la pr\u00e9sentation de New Classic Toys<a href=\"https:\/\/www.plantoys.com\/child-development\" target=\"_blank\" rel=\"noopener\">.<\/a><\/p>\n<p><span style=\"font-size: 14.4px;\">\ud83d\udc95 Un jeu d&rsquo;imitation et de motricit\u00e9 fine pour les enfants d\u00e8s 2 ans.<\/span><\/p>\n<p>LE PRIX ABONN\u00c9 C&rsquo;EST QUOI?<br \/>\nVous avez un coup de coeur pour un jouet propos\u00e9 \u00e0 la location?<br \/>\nNous vous proposons de garder chaque jouet lou\u00e9 \u00e0 un prix pr\u00e9f\u00e9rentiel, clairement indiqu\u00e9 sur chaque fiche.<\/p>\n","protected":false},"excerpt":{"rendered":"<p>Plateau de l\u00e9gumes \u00e0 d\u00e9couper<\/p>\n<p>\u2764 8 vari\u00e9t\u00e9s de l\u00e9gumes \ud83e\udd52<br \/>\n\u2764 Pour cuisiner comme un chef ! \ud83d\udc68\u200d\ud83c\udf73<br \/>\n\u2764 Pour les petits d\u00e8s 2 ans<\/p>\n","protected":false},"featured_media":5824,"template":"","meta":[],"product_cat":[15],"product_tag":[],"_links":{"self":[{"href":"https:\/\/www.lesjouetsvoyageurs.com\/location\/wp-json\/wp\/v2\/product\/5823"}],"collection":[{"href":"https:\/\/www.lesjouetsvoyageurs.com\/location\/wp-json\/wp\/v2\/product"}],"about":[{"href":"https:\/\/www.lesjouetsvoyageurs.com\/location\/wp-json\/wp\/v2\/types\/product"}],"wp:featuredmedia":[{"embeddable":true,"href":"https:\/\/www.lesjouetsvoyageurs.com\/location\/wp-json\/wp\/v2\/media\/5824"}],"wp:attachment":[{"href":"https:\/\/www.lesjouetsvoyageurs.com\/location\/wp-json\/wp\/v2\/media?parent=5823"}],"wp:term":[{"taxonomy":"product_cat","embeddable":true,"href":"https:\/\/www.lesjouetsvoyageurs.com\/location\/wp-json\/wp\/v2\/product_cat?post=5823"},{"taxonomy":"product_tag","embeddable":true,"href":"https:\/\/www.lesjouetsvoyageurs.com\/location\/wp-json\/wp\/v2\/product_tag?post=5823"}],"curies":[{"name":"wp","href":"https:\/\/api.w.org\/{rel}","templated":true}]}}