{"id":5904,"date":"2022-02-26T12:37:19","date_gmt":"2022-02-26T10:37:19","guid":{"rendered":"https:\/\/www.lesjouetsvoyageurs.com\/?post_type=product&#038;p=5904"},"modified":"2023-04-06T09:59:56","modified_gmt":"2023-04-06T07:59:56","slug":"jeu-de-cartes-mechanlou-djeco","status":"publish","type":"product","link":"https:\/\/www.lesjouetsvoyageurs.com\/location\/jouets\/jeu-de-cartes-mechanlou-djeco\/","title":{"rendered":"Mechanlou jeu de cartes Djeco pour les 4-7 ans"},"content":{"rendered":"<div id=\"product-description-short-2352\" class=\"rte-content\">\n<p>Mechanlou de Djeco est un jeu de strat\u00e9gie inspir\u00e9 du conte Le Petite Chaperon Rouge pour les enfants de 4 \u00e0 7 ans. L&rsquo;objectif du jeu est de r\u00e9unir les 6 cartes qui constituent le conte avec ses propres cartes ou celles des autres joueurs que l&rsquo;on peut r\u00e9cup\u00e9rer avec l&rsquo;aide du loup.<\/p>\n<\/div>\n<p>\ud83d\udc49 Consultez la pr\u00e9sentation de Djeco.<\/p>\n<p><span style=\"font-size: 14.4px;\">\ud83d\udc95\u00a0 L&rsquo;univers du conte<\/span><\/p>\n<p>LE PRIX ABONN\u00c9 C&rsquo;EST QUOI?<br \/>\nVous avez un coup de coeur pour un jouet propos\u00e9 \u00e0 la location?<br \/>\nNous vous proposons de garder chaque jouet lou\u00e9 \u00e0 un prix pr\u00e9f\u00e9rentiel, clairement indiqu\u00e9 sur chaque fiche.<\/p>\n","protected":false},"excerpt":{"rendered":"<p>Jeu de cartes Mechanlou<\/p>\n<p>\u2764 Se joue d\u00e8s 4 ans<br \/>\n\u2764 Jolies illustrations<br \/>\n\u2764 L&rsquo;univers du petit chaperon rouge<\/p>\n","protected":false},"featured_media":5905,"template":"","meta":[],"product_cat":[15],"product_tag":[],"_links":{"self":[{"href":"https:\/\/www.lesjouetsvoyageurs.com\/location\/wp-json\/wp\/v2\/product\/5904"}],"collection":[{"href":"https:\/\/www.lesjouetsvoyageurs.com\/location\/wp-json\/wp\/v2\/product"}],"about":[{"href":"https:\/\/www.lesjouetsvoyageurs.com\/location\/wp-json\/wp\/v2\/types\/product"}],"wp:featuredmedia":[{"embeddable":true,"href":"https:\/\/www.lesjouetsvoyageurs.com\/location\/wp-json\/wp\/v2\/media\/5905"}],"wp:attachment":[{"href":"https:\/\/www.lesjouetsvoyageurs.com\/location\/wp-json\/wp\/v2\/media?parent=5904"}],"wp:term":[{"taxonomy":"product_cat","embeddable":true,"href":"https:\/\/www.lesjouetsvoyageurs.com\/location\/wp-json\/wp\/v2\/product_cat?post=5904"},{"taxonomy":"product_tag","embeddable":true,"href":"https:\/\/www.lesjouetsvoyageurs.com\/location\/wp-json\/wp\/v2\/product_tag?post=5904"}],"curies":[{"name":"wp","href":"https:\/\/api.w.org\/{rel}","templated":true}]}}