{"id":5910,"date":"2022-02-26T12:54:10","date_gmt":"2022-02-26T10:54:10","guid":{"rendered":"https:\/\/www.lesjouetsvoyageurs.com\/?post_type=product&#038;p=5910"},"modified":"2023-03-23T17:14:30","modified_gmt":"2023-03-23T15:14:30","slug":"mini-family-djeco","status":"publish","type":"product","link":"https:\/\/www.lesjouetsvoyageurs.com\/location\/jouets\/mini-family-djeco\/","title":{"rendered":"Mini Family jeu de cartes Djeco pour les 4-7 ans"},"content":{"rendered":"<div id=\"product-description-short-2352\" class=\"rte-content\">\n<p>Mini Family de Djeco est un premier jeu de 7 familles simplifi\u00e9 et adapt\u00e9 aux enfants de 4 \u00e0 7 ans. Chaque famille fantastique se compose de 4 membres. Comme dans un jeu de 7 familles classique, le but est de reconstituer les diff\u00e9rentes familles.<\/p>\n<\/div>\n<p>\ud83d\udc49 Consultez la pr\u00e9sentation de Djeco.<\/p>\n<p><span style=\"font-size: 14.4px;\">\ud83d\udc95\u00a0 Accessible d\u00e8s 4 ans<\/span><\/p>\n<p>LE PRIX ABONN\u00c9 C&rsquo;EST QUOI?<br \/>\nVous avez un coup de coeur pour un jouet propos\u00e9 \u00e0 la location?<br \/>\nNous vous proposons de garder chaque jouet lou\u00e9 \u00e0 un prix pr\u00e9f\u00e9rentiel, clairement indiqu\u00e9 sur chaque fiche.<\/p>\n","protected":false},"excerpt":{"rendered":"<p>Jeu de cartes Mini Family<\/p>\n<p>\u2764 Se joue d\u00e8s 4 ans<br \/>\n\u2764 Jeu de 7 familles simplifi\u00e9<br \/>\n\u2764 Univers fantastique<\/p>\n","protected":false},"featured_media":5912,"template":"","meta":[],"product_cat":[15],"product_tag":[],"_links":{"self":[{"href":"https:\/\/www.lesjouetsvoyageurs.com\/location\/wp-json\/wp\/v2\/product\/5910"}],"collection":[{"href":"https:\/\/www.lesjouetsvoyageurs.com\/location\/wp-json\/wp\/v2\/product"}],"about":[{"href":"https:\/\/www.lesjouetsvoyageurs.com\/location\/wp-json\/wp\/v2\/types\/product"}],"wp:featuredmedia":[{"embeddable":true,"href":"https:\/\/www.lesjouetsvoyageurs.com\/location\/wp-json\/wp\/v2\/media\/5912"}],"wp:attachment":[{"href":"https:\/\/www.lesjouetsvoyageurs.com\/location\/wp-json\/wp\/v2\/media?parent=5910"}],"wp:term":[{"taxonomy":"product_cat","embeddable":true,"href":"https:\/\/www.lesjouetsvoyageurs.com\/location\/wp-json\/wp\/v2\/product_cat?post=5910"},{"taxonomy":"product_tag","embeddable":true,"href":"https:\/\/www.lesjouetsvoyageurs.com\/location\/wp-json\/wp\/v2\/product_tag?post=5910"}],"curies":[{"name":"wp","href":"https:\/\/api.w.org\/{rel}","templated":true}]}}