{"id":5913,"date":"2022-02-26T13:14:51","date_gmt":"2022-02-26T11:14:51","guid":{"rendered":"https:\/\/www.lesjouetsvoyageurs.com\/?post_type=product&#038;p=5913"},"modified":"2022-09-18T16:33:57","modified_gmt":"2022-09-18T14:33:57","slug":"location-pyramide-ronde-janod","status":"publish","type":"product","link":"https:\/\/www.lesjouetsvoyageurs.com\/location\/jouets\/location-pyramide-ronde-janod\/","title":{"rendered":"Pyramide ronde la vie dans la mare Janod"},"content":{"rendered":"<div id=\"product-description-short-2352\" class=\"rte-content\">\n<p>La pyramide ronde \u00e0 empiler La vie dans la mare de Janod, ce sont 10 \u00e9l\u00e9ments en carton \u00e0 empiler pour apprendre \u00e0 compter en s&rsquo;amusant. C&rsquo;est aussi un super moyen de d\u00e9velopper l&rsquo;imagination et la motricit\u00e9 des tout petits de 1 \u00e0 3 ans.<\/p>\n<\/div>\n<p><span style=\"font-size: 14.4px;\">\ud83d\udc95 Le plus dr\u00f4le, c&rsquo;est de toute renverser !<\/span><\/p>\n<p><span style=\"font-size: 14.4px;\">LE PRIX ABONN\u00c9 C&rsquo;EST QUOI?<\/span><\/p>\n<p>Vous avez un coup de coeur pour un jouet propos\u00e9 \u00e0 la location?<br \/>\nNous vous proposons de garder chaque jouet lou\u00e9 \u00e0 un prix pr\u00e9f\u00e9rentiel, clairement indiqu\u00e9 sur chaque fiche.<\/p>\n","protected":false},"excerpt":{"rendered":"<p>Pyramide \u00e0 empiler<\/p>\n<p>\u2764 Pour compter de 1 \u00e0 10<br \/>\n\u2764 D\u00e9veloppe la motricit\u00e9<br \/>\n\u2764 Sur le th\u00e8me de la mare<\/p>\n","protected":false},"featured_media":5916,"template":"","meta":[],"product_cat":[15],"product_tag":[],"_links":{"self":[{"href":"https:\/\/www.lesjouetsvoyageurs.com\/location\/wp-json\/wp\/v2\/product\/5913"}],"collection":[{"href":"https:\/\/www.lesjouetsvoyageurs.com\/location\/wp-json\/wp\/v2\/product"}],"about":[{"href":"https:\/\/www.lesjouetsvoyageurs.com\/location\/wp-json\/wp\/v2\/types\/product"}],"wp:featuredmedia":[{"embeddable":true,"href":"https:\/\/www.lesjouetsvoyageurs.com\/location\/wp-json\/wp\/v2\/media\/5916"}],"wp:attachment":[{"href":"https:\/\/www.lesjouetsvoyageurs.com\/location\/wp-json\/wp\/v2\/media?parent=5913"}],"wp:term":[{"taxonomy":"product_cat","embeddable":true,"href":"https:\/\/www.lesjouetsvoyageurs.com\/location\/wp-json\/wp\/v2\/product_cat?post=5913"},{"taxonomy":"product_tag","embeddable":true,"href":"https:\/\/www.lesjouetsvoyageurs.com\/location\/wp-json\/wp\/v2\/product_tag?post=5913"}],"curies":[{"name":"wp","href":"https:\/\/api.w.org\/{rel}","templated":true}]}}