{"id":5917,"date":"2022-02-26T13:22:51","date_gmt":"2022-02-26T11:22:51","guid":{"rendered":"https:\/\/www.lesjouetsvoyageurs.com\/?post_type=product&#038;p=5917"},"modified":"2023-05-15T12:58:57","modified_gmt":"2023-05-15T10:58:57","slug":"inzebox-animo-djeco","status":"publish","type":"product","link":"https:\/\/www.lesjouetsvoyageurs.com\/location\/jouets\/inzebox-animo-djeco\/","title":{"rendered":"Inzebox animo &#8211; jeu magn\u00e9tique Djeco"},"content":{"rendered":"<div class=\"wrapper_desc_content\">\n<div class=\"productDescription__block productDescription__bs\">\n<p>Inzbox animo c&rsquo;est une boite metallique remplie de magnets qui permettent de cr\u00e9er des personnages rigolos. Et avec le couvercle, il est m\u00eame possible de jouer \u00e0 deux en m\u00eame temps ! A la fin du jeu, tous les magnets en bois retournent dans leur bo\u00eete.<\/p>\n<p>Un chat, un canard&#8230; les 41 magnets de couleur permettent de r\u00e9aliser plein d&rsquo;animaux diff\u00e9rents mais on peut aussi tout m\u00e9langer pour cr\u00e9er des animaux tr\u00e8s rigolos. Parfait pour les enfants \u00e0 partir de 2 ans !<\/p>\n<\/div>\n<\/div>\n<p>\ud83d\udc49 Consultez la pr\u00e9sentation de Djeco.<\/p>\n<p><span style=\"font-size: 14.4px;\">\ud83d\udc95\u00a0 Pour imaginer des animaux rigolos<\/span><\/p>\n<p>LE PRIX ABONN\u00c9 C&rsquo;EST QUOI?<br \/>\nVous avez un coup de coeur pour un jouet propos\u00e9 \u00e0 la location?<br \/>\nNous vous proposons de garder chaque jouet lou\u00e9 \u00e0 un prix pr\u00e9f\u00e9rentiel, clairement indiqu\u00e9 sur chaque fiche.<\/p>\n","protected":false},"excerpt":{"rendered":"<p>Inzebox animo<\/p>\n<p>\u2764 Pour les enfants d\u00e8s 2 ans<br \/>\n\u2764 D\u00e9veloppe la motricit\u00e9 fine<br \/>\n\u2764 Stimule l&rsquo;imagination<\/p>\n","protected":false},"featured_media":5920,"template":"","meta":[],"product_cat":[15],"product_tag":[],"_links":{"self":[{"href":"https:\/\/www.lesjouetsvoyageurs.com\/location\/wp-json\/wp\/v2\/product\/5917"}],"collection":[{"href":"https:\/\/www.lesjouetsvoyageurs.com\/location\/wp-json\/wp\/v2\/product"}],"about":[{"href":"https:\/\/www.lesjouetsvoyageurs.com\/location\/wp-json\/wp\/v2\/types\/product"}],"wp:featuredmedia":[{"embeddable":true,"href":"https:\/\/www.lesjouetsvoyageurs.com\/location\/wp-json\/wp\/v2\/media\/5920"}],"wp:attachment":[{"href":"https:\/\/www.lesjouetsvoyageurs.com\/location\/wp-json\/wp\/v2\/media?parent=5917"}],"wp:term":[{"taxonomy":"product_cat","embeddable":true,"href":"https:\/\/www.lesjouetsvoyageurs.com\/location\/wp-json\/wp\/v2\/product_cat?post=5917"},{"taxonomy":"product_tag","embeddable":true,"href":"https:\/\/www.lesjouetsvoyageurs.com\/location\/wp-json\/wp\/v2\/product_tag?post=5917"}],"curies":[{"name":"wp","href":"https:\/\/api.w.org\/{rel}","templated":true}]}}