{"id":5935,"date":"2022-03-01T12:31:53","date_gmt":"2022-03-01T10:31:53","guid":{"rendered":"https:\/\/www.lesjouetsvoyageurs.com\/?post_type=product&#038;p=5935"},"modified":"2022-12-19T12:56:39","modified_gmt":"2022-12-19T10:56:39","slug":"livre-miel-marcel-et-joachim","status":"publish","type":"product","link":"https:\/\/www.lesjouetsvoyageurs.com\/location\/jouets\/livre-miel-marcel-et-joachim\/","title":{"rendered":"Livre en mousse de la collection Ma Petite Epicerie &#8211; Le miel"},"content":{"rendered":"<p>\u00ab\u00a0Les abeilles font du miel : c\u2019est sucre\u0301, doux et collant. Miam !\u201d La collection Ma petite \u00e9picerie, ce sont des livres en mousse tr\u00e8s l\u00e9gers pour jouer, apprendre et \u00e9veiller b\u00e9b\u00e9 \u00e0 ce qu\u2019il mange. Des notions documentaires pr\u00e9cises adapt\u00e9es au tout-petit d\u00e8s 1 an, sans jamais oublier l\u2019\u00e9vocation du go\u00fbt, des textures, des odeurs et des couleurs pour que le plaisir de manger et la beaut\u00e9 soient au coeur de l\u2019apprentissage.<\/p>\n<p>Un livre de 10 pages au format 17&#215;13 cm illustr\u00e9 par Ingela P Arrhenius et imprim\u00e9 en Ukraine.<\/p>\n<p>Envie d&rsquo;en savoir plus sur les engagements de la marque?<br \/>\n\ud83d\udc49 Consultez la pr\u00e9sentation de Marcel et Joachim.<\/p>\n<p><span style=\"font-size: 14.4px;\">\ud83d\udc95 Pour les enfants d\u00e8s 1 ans<\/span><\/p>\n<p>LE PRIX ABONN\u00c9 C&rsquo;EST QUOI?<br \/>\nVous avez un coup de coeur pour un jouet propos\u00e9 \u00e0 la location?<br \/>\nNous vous proposons de garder chaque jouet lou\u00e9 \u00e0 un prix pr\u00e9f\u00e9rentiel, clairement indiqu\u00e9 sur chaque fiche.<\/p>\n","protected":false},"excerpt":{"rendered":"<p>Le miel aux \u00e9ditions Marcel et Joachim<\/p>\n<p>\u2764 Un livre en mousse d\u00e8s 1 an<br \/>\n\u2764 Illustr\u00e9 par la talentueuse Ingela P Arrhenius<br \/>\n\u2764 <span style=\"font-size: 14.4px;\">Pour aborder l&rsquo;alimentation<\/span><\/p>\n","protected":false},"featured_media":5936,"template":"","meta":[],"product_cat":[15],"product_tag":[],"_links":{"self":[{"href":"https:\/\/www.lesjouetsvoyageurs.com\/location\/wp-json\/wp\/v2\/product\/5935"}],"collection":[{"href":"https:\/\/www.lesjouetsvoyageurs.com\/location\/wp-json\/wp\/v2\/product"}],"about":[{"href":"https:\/\/www.lesjouetsvoyageurs.com\/location\/wp-json\/wp\/v2\/types\/product"}],"wp:featuredmedia":[{"embeddable":true,"href":"https:\/\/www.lesjouetsvoyageurs.com\/location\/wp-json\/wp\/v2\/media\/5936"}],"wp:attachment":[{"href":"https:\/\/www.lesjouetsvoyageurs.com\/location\/wp-json\/wp\/v2\/media?parent=5935"}],"wp:term":[{"taxonomy":"product_cat","embeddable":true,"href":"https:\/\/www.lesjouetsvoyageurs.com\/location\/wp-json\/wp\/v2\/product_cat?post=5935"},{"taxonomy":"product_tag","embeddable":true,"href":"https:\/\/www.lesjouetsvoyageurs.com\/location\/wp-json\/wp\/v2\/product_tag?post=5935"}],"curies":[{"name":"wp","href":"https:\/\/api.w.org\/{rel}","templated":true}]}}