{"id":5976,"date":"2022-03-15T17:34:42","date_gmt":"2022-03-15T15:34:42","guid":{"rendered":"https:\/\/www.lesjouetsvoyageurs.com\/?post_type=product&#038;p=5976"},"modified":"2023-04-16T20:43:15","modified_gmt":"2023-04-16T18:43:15","slug":"comptine-poule-sur-un-mur","status":"publish","type":"product","link":"https:\/\/www.lesjouetsvoyageurs.com\/location\/jouets\/comptine-poule-sur-un-mur\/","title":{"rendered":"Comptines en noir et blanc &#8211; une poule sur un mur"},"content":{"rendered":"<div id=\"product-description-short-2352\" class=\"rte-content\">\n<p id=\"tw-target-text\" class=\"tw-data-text tw-text-large XcVN5d tw-ta\" dir=\"ltr\" data-placeholder=\"Traduction\">Ce livre-accorde\u0301on permet une d\u00e9couverte visuelle des comptines par les tout-petits. D\u00e8s la naissance, b\u00e9b\u00e9 distingue les dessins en noir et blanc, touche le livre, \u00e9coute les plus grands chanter les comptines et observe la gestuelle qui accompagne certains mots.<br \/>\nUn premier voyage au pays des sens avec la comptine \u00ab\u00a0une poule sur un mur\u00a0\u00bb !<\/p>\n<\/div>\n<p>\ud83d\udc49 Consultez la pr\u00e9sentation des \u00e9ditions La Marmoti\u00e8re.<\/p>\n<p><span style=\"font-size: 14.4px;\">\ud83d\udc95 Retrouver les comptines \u00ab\u00a0il pleut il mouille\u00a0\u00bb, \u00ab\u00a0la baleine\u00a0\u00bb et \u00ab\u00a0dans sa cabane\u00a0\u00bb dans la m\u00eame collection !<\/span><\/p>\n<p>LE PRIX ABONN\u00c9 C&rsquo;EST QUOI?<br \/>\nVous avez un coup de coeur pour un jouet propos\u00e9 \u00e0 la location?<br \/>\nNous vous proposons de garder chaque jouet lou\u00e9 \u00e0 un prix pr\u00e9f\u00e9rentiel, clairement indiqu\u00e9 sur chaque fiche.<\/p>\n","protected":false},"excerpt":{"rendered":"<p>Comptine une poule sur un mur<\/p>\n<p>\u2764 Livre accord\u00e9on<br \/>\n\u2764 En noir et blanc<br \/>\n\u2764 Parfait d\u00e8s la naissance<\/p>\n","protected":false},"featured_media":5979,"template":"","meta":[],"product_cat":[15],"product_tag":[],"_links":{"self":[{"href":"https:\/\/www.lesjouetsvoyageurs.com\/location\/wp-json\/wp\/v2\/product\/5976"}],"collection":[{"href":"https:\/\/www.lesjouetsvoyageurs.com\/location\/wp-json\/wp\/v2\/product"}],"about":[{"href":"https:\/\/www.lesjouetsvoyageurs.com\/location\/wp-json\/wp\/v2\/types\/product"}],"wp:featuredmedia":[{"embeddable":true,"href":"https:\/\/www.lesjouetsvoyageurs.com\/location\/wp-json\/wp\/v2\/media\/5979"}],"wp:attachment":[{"href":"https:\/\/www.lesjouetsvoyageurs.com\/location\/wp-json\/wp\/v2\/media?parent=5976"}],"wp:term":[{"taxonomy":"product_cat","embeddable":true,"href":"https:\/\/www.lesjouetsvoyageurs.com\/location\/wp-json\/wp\/v2\/product_cat?post=5976"},{"taxonomy":"product_tag","embeddable":true,"href":"https:\/\/www.lesjouetsvoyageurs.com\/location\/wp-json\/wp\/v2\/product_tag?post=5976"}],"curies":[{"name":"wp","href":"https:\/\/api.w.org\/{rel}","templated":true}]}}