{"id":5981,"date":"2022-03-15T17:38:00","date_gmt":"2022-03-15T15:38:00","guid":{"rendered":"https:\/\/www.lesjouetsvoyageurs.com\/?post_type=product&#038;p=5981"},"modified":"2023-04-06T09:59:56","modified_gmt":"2023-04-06T07:59:56","slug":"accordeon-enfant","status":"publish","type":"product","link":"https:\/\/www.lesjouetsvoyageurs.com\/location\/jouets\/accordeon-enfant\/","title":{"rendered":"Accord\u00e9on avec livret d&rsquo;apprentissage"},"content":{"rendered":"<p>Cet accord\u00e9on pour enfant est fourni avec une bandouli\u00e8re et un livret d&rsquo;apprentissage. Il permettra aux enfants de comprendre le fonctionnement de l&rsquo;accord\u00e9on et de jouer leurs premi\u00e8res m\u00e9lodies.<\/p>\n<p>\ud83d\udc49 Consultez la pr\u00e9sentation de New Classic Toys.<\/p>\n<p><span style=\"font-size: 14.4px;\">\ud83d\udc95\u00a0 Un premier accord\u00e9on d\u00e8s 3 ans<\/span><\/p>\n<p>LE PRIX ABONN\u00c9 C&rsquo;EST QUOI?<br \/>\nVous avez un coup de coeur pour un jouet propos\u00e9 \u00e0 la location?<br \/>\nNous vous proposons de garder chaque jouet lou\u00e9 \u00e0 un prix pr\u00e9f\u00e9rentiel, clairement indiqu\u00e9 sur chaque fiche.<\/p>\n","protected":false},"excerpt":{"rendered":"<p>Premier accord\u00e9on d\u00e8s 3 ans<\/p>\n<p>\u2764 Avec son livret d&rsquo;apprentissage<br \/>\n\u2764 Pour jouer ses premieres m\u00e9lodies<br \/>\n\u2764 En avant la musique<\/p>\n","protected":false},"featured_media":5984,"template":"","meta":[],"product_cat":[15],"product_tag":[],"_links":{"self":[{"href":"https:\/\/www.lesjouetsvoyageurs.com\/location\/wp-json\/wp\/v2\/product\/5981"}],"collection":[{"href":"https:\/\/www.lesjouetsvoyageurs.com\/location\/wp-json\/wp\/v2\/product"}],"about":[{"href":"https:\/\/www.lesjouetsvoyageurs.com\/location\/wp-json\/wp\/v2\/types\/product"}],"wp:featuredmedia":[{"embeddable":true,"href":"https:\/\/www.lesjouetsvoyageurs.com\/location\/wp-json\/wp\/v2\/media\/5984"}],"wp:attachment":[{"href":"https:\/\/www.lesjouetsvoyageurs.com\/location\/wp-json\/wp\/v2\/media?parent=5981"}],"wp:term":[{"taxonomy":"product_cat","embeddable":true,"href":"https:\/\/www.lesjouetsvoyageurs.com\/location\/wp-json\/wp\/v2\/product_cat?post=5981"},{"taxonomy":"product_tag","embeddable":true,"href":"https:\/\/www.lesjouetsvoyageurs.com\/location\/wp-json\/wp\/v2\/product_tag?post=5981"}],"curies":[{"name":"wp","href":"https:\/\/api.w.org\/{rel}","templated":true}]}}