{"id":5991,"date":"2022-03-15T18:22:21","date_gmt":"2022-03-15T16:22:21","guid":{"rendered":"https:\/\/www.lesjouetsvoyageurs.com\/?post_type=product&#038;p=5991"},"modified":"2022-09-18T16:28:41","modified_gmt":"2022-09-18T14:28:41","slug":"dilemmes-absurdes-minus","status":"publish","type":"product","link":"https:\/\/www.lesjouetsvoyageurs.com\/location\/jouets\/dilemmes-absurdes-minus\/","title":{"rendered":"Dilemmes absurdes &#8211; Jeu de carte Minus Editions de 6 \u00e0 106 ans"},"content":{"rendered":"<div class=\"wrapper_desc_content\">\n<div class=\"productDescription__block productDescription__bs\">\n<p>Tu pr\u00e9f\u00e8res mesurer 50 cm ou 4 m\u00e8tres ? Certains choix en disent long sur vous ! Dilemmes absurdes est un jeu de 25 questions qui vous entra\u00eenera dans des d\u00e9bats sans fins plus dr\u00f4les les uns que les autres. 5 minutes (minimum!) de rire assur\u00e9 o\u00f9 vous allez d\u00e9couvrir votre enfant sous un autre jour !<\/p>\n<\/div>\n<\/div>\n<p>\ud83d\udc49 Consultez la pr\u00e9sentation de Minus Editions.<\/p>\n<p><span style=\"font-size: 14.4px;\">\ud83d\udc95\u00a0 Un jeu qui favorise les \u00e9changes<\/span><\/p>\n<p>LE PRIX ABONN\u00c9 C&rsquo;EST QUOI?<br \/>\nVous avez un coup de coeur pour un jouet propos\u00e9 \u00e0 la location?<br \/>\nNous vous proposons de garder chaque jouet lou\u00e9 \u00e0 un prix pr\u00e9f\u00e9rentiel, clairement indiqu\u00e9 sur chaque fiche.<\/p>\n","protected":false},"excerpt":{"rendered":"<p>Jeu de cartes pour discuter<\/p>\n<p>\u2764 De 6 \u00e0 106 ans<br \/>\n\u2764 Pour mieux se conna\u00eetre<br \/>\n\u2764 et rire beaucoup !<\/p>\n","protected":false},"featured_media":5993,"template":"","meta":[],"product_cat":[15],"product_tag":[],"_links":{"self":[{"href":"https:\/\/www.lesjouetsvoyageurs.com\/location\/wp-json\/wp\/v2\/product\/5991"}],"collection":[{"href":"https:\/\/www.lesjouetsvoyageurs.com\/location\/wp-json\/wp\/v2\/product"}],"about":[{"href":"https:\/\/www.lesjouetsvoyageurs.com\/location\/wp-json\/wp\/v2\/types\/product"}],"wp:featuredmedia":[{"embeddable":true,"href":"https:\/\/www.lesjouetsvoyageurs.com\/location\/wp-json\/wp\/v2\/media\/5993"}],"wp:attachment":[{"href":"https:\/\/www.lesjouetsvoyageurs.com\/location\/wp-json\/wp\/v2\/media?parent=5991"}],"wp:term":[{"taxonomy":"product_cat","embeddable":true,"href":"https:\/\/www.lesjouetsvoyageurs.com\/location\/wp-json\/wp\/v2\/product_cat?post=5991"},{"taxonomy":"product_tag","embeddable":true,"href":"https:\/\/www.lesjouetsvoyageurs.com\/location\/wp-json\/wp\/v2\/product_tag?post=5991"}],"curies":[{"name":"wp","href":"https:\/\/api.w.org\/{rel}","templated":true}]}}