{"id":6002,"date":"2022-03-16T11:32:05","date_gmt":"2022-03-16T09:32:05","guid":{"rendered":"https:\/\/www.lesjouetsvoyageurs.com\/?post_type=product&#038;p=6002"},"modified":"2023-04-14T19:27:51","modified_gmt":"2023-04-14T17:27:51","slug":"jeu-little-family-djeco","status":"publish","type":"product","link":"https:\/\/www.lesjouetsvoyageurs.com\/location\/jouets\/jeu-little-family-djeco\/","title":{"rendered":"Jeu de cartes Little Family Djeco de 2 ans 1\/2 \u00e0 5 ans"},"content":{"rendered":"<p>Little Family est un jeu d&rsquo;association de Djeco. Les petits joueurs d\u00e8s 2 ans doivent assembler les animaux par paires. Il y a quinze animaux diff\u00e9rents \u00e0 d\u00e9couvrir ! Little Family permet de d\u00e9velopper leur sens de l&rsquo;observation et on aime les cartes plastifi\u00e9es que les tout petits peuvent manipuler en toute libert\u00e9.<\/p>\n<p>\ud83d\udc49 Consultez la pr\u00e9sentation de Djeco.<\/p>\n<p><span style=\"font-size: 14.4px;\">\ud83d\udc95 Un jeu de paires d\u00e8s 2 ans<\/span><\/p>\n<p>LE PRIX ABONN\u00c9 C&rsquo;EST QUOI?<br \/>\nVous avez un coup de coeur pour un jouet propos\u00e9 \u00e0 la location?<br \/>\nNous vous proposons de garder chaque jouet lou\u00e9 \u00e0 un prix pr\u00e9f\u00e9rentiel, clairement indiqu\u00e9 sur chaque fiche.<\/p>\n","protected":false},"excerpt":{"rendered":"<p>Little Family de Djeco<\/p>\n<p>\u2764 Se joue d\u00e8s 2 ans et 1\/2<br \/>\n\u2764 Cartes en formes d&rsquo;animaux<br \/>\n\u2764 R\u00e8gles simples<\/p>\n","protected":false},"featured_media":6004,"template":"","meta":[],"product_cat":[15],"product_tag":[],"_links":{"self":[{"href":"https:\/\/www.lesjouetsvoyageurs.com\/location\/wp-json\/wp\/v2\/product\/6002"}],"collection":[{"href":"https:\/\/www.lesjouetsvoyageurs.com\/location\/wp-json\/wp\/v2\/product"}],"about":[{"href":"https:\/\/www.lesjouetsvoyageurs.com\/location\/wp-json\/wp\/v2\/types\/product"}],"wp:featuredmedia":[{"embeddable":true,"href":"https:\/\/www.lesjouetsvoyageurs.com\/location\/wp-json\/wp\/v2\/media\/6004"}],"wp:attachment":[{"href":"https:\/\/www.lesjouetsvoyageurs.com\/location\/wp-json\/wp\/v2\/media?parent=6002"}],"wp:term":[{"taxonomy":"product_cat","embeddable":true,"href":"https:\/\/www.lesjouetsvoyageurs.com\/location\/wp-json\/wp\/v2\/product_cat?post=6002"},{"taxonomy":"product_tag","embeddable":true,"href":"https:\/\/www.lesjouetsvoyageurs.com\/location\/wp-json\/wp\/v2\/product_tag?post=6002"}],"curies":[{"name":"wp","href":"https:\/\/api.w.org\/{rel}","templated":true}]}}