{"id":6005,"date":"2022-03-16T11:39:34","date_gmt":"2022-03-16T09:39:34","guid":{"rendered":"https:\/\/www.lesjouetsvoyageurs.com\/?post_type=product&#038;p=6005"},"modified":"2023-08-19T10:17:53","modified_gmt":"2023-08-19T08:17:53","slug":"jeu-lace-up-djeco","status":"publish","type":"product","link":"https:\/\/www.lesjouetsvoyageurs.com\/location\/jouets\/jeu-lace-up-djeco\/","title":{"rendered":"Jeu Lace Up Djeco &#8211; assemblage et la\u00e7age d\u00e8s 2 ans"},"content":{"rendered":"<p>Lace Up duo de Djeco d\u00e9veloppe la motricit\u00e9 fine des tout-petits d\u00e8s 2 ans. L&rsquo;enfant doit assembler 6 formes en bois repr\u00e9sentant les animaux et leur habitat respectif. Il obtient des animaux qui tiennent debout tout seuls : un escargot dans sa salade, un \u00e9cureuil dans son arbre et une souris dans un champignon. L&rsquo;enfant peut ensuite lacer les pi\u00e8ces entre elles.<\/p>\n<p>\ud83d\udc49 Consultez la pr\u00e9sentation de Djeco.<\/p>\n<p><span style=\"font-size: 14.4px;\">\ud83d\udc95 D\u00e9veloppe la motricit\u00e9 fine<\/span><\/p>\n<p>LE PRIX ABONN\u00c9 C&rsquo;EST QUOI?<br \/>\nVous avez un coup de coeur pour un jouet propos\u00e9 \u00e0 la location?<br \/>\nNous vous proposons de garder chaque jouet lou\u00e9 \u00e0 un prix pr\u00e9f\u00e9rentiel, clairement indiqu\u00e9 sur chaque fiche.<\/p>\n","protected":false},"excerpt":{"rendered":"<p>Lace up duo de Djeco<\/p>\n<p>\u2764 Se joue d\u00e8s 2 ans<br \/>\n\u2764 D\u00e9veloppe la motricit\u00e9 fine<br \/>\n\u2764 Des animaux trop mignons !<\/p>\n","protected":false},"featured_media":6007,"template":"","meta":[],"product_cat":[15],"product_tag":[],"_links":{"self":[{"href":"https:\/\/www.lesjouetsvoyageurs.com\/location\/wp-json\/wp\/v2\/product\/6005"}],"collection":[{"href":"https:\/\/www.lesjouetsvoyageurs.com\/location\/wp-json\/wp\/v2\/product"}],"about":[{"href":"https:\/\/www.lesjouetsvoyageurs.com\/location\/wp-json\/wp\/v2\/types\/product"}],"wp:featuredmedia":[{"embeddable":true,"href":"https:\/\/www.lesjouetsvoyageurs.com\/location\/wp-json\/wp\/v2\/media\/6007"}],"wp:attachment":[{"href":"https:\/\/www.lesjouetsvoyageurs.com\/location\/wp-json\/wp\/v2\/media?parent=6005"}],"wp:term":[{"taxonomy":"product_cat","embeddable":true,"href":"https:\/\/www.lesjouetsvoyageurs.com\/location\/wp-json\/wp\/v2\/product_cat?post=6005"},{"taxonomy":"product_tag","embeddable":true,"href":"https:\/\/www.lesjouetsvoyageurs.com\/location\/wp-json\/wp\/v2\/product_tag?post=6005"}],"curies":[{"name":"wp","href":"https:\/\/api.w.org\/{rel}","templated":true}]}}