{"id":6008,"date":"2022-03-16T11:47:37","date_gmt":"2022-03-16T09:47:37","guid":{"rendered":"https:\/\/www.lesjouetsvoyageurs.com\/?post_type=product&#038;p=6008"},"modified":"2023-08-07T14:34:17","modified_gmt":"2023-08-07T12:34:17","slug":"jeu-des-couleurs","status":"publish","type":"product","link":"https:\/\/www.lesjouetsvoyageurs.com\/location\/jouets\/jeu-des-couleurs\/","title":{"rendered":"Premier jeu des couleurs d\u00e8s 2 ans"},"content":{"rendered":"<p>D\u00e8s 2 ans, les enfants peuvent manipuler les gros pions color\u00e9s et les ins\u00e9rer sur le support transparent pour jouer avec les couleurs et compl\u00e9ter de jolis dessins. Le cadre en bois mesure 30 x 22 cm et on peut y ins\u00e9rer 6 fiches recto-verso (soit 12 dessins). Les 24 pions de couleurs sont rang\u00e9s dans leur pochon en tissu.<\/p>\n<p>Ce jouet de la marque Vertbaudet a \u00e9t\u00e9 contr\u00f4l\u00e9, nettoy\u00e9 et st\u00e9rilis\u00e9 pour avoir une nouvelle vie. Il est disponible en seulement quelques exemplaires sur notre site et, contrairement \u00e0 d&rsquo;autres marques, nous ne pourrons pas effectuer de r\u00e9assort en cas de rupture.<\/p>\n<p>\ud83d\udc49\u00a0 En savoir plus sur notre d\u00e9marche de r\u00e9emploi<span style=\"font-size: 14.4px;\">.<\/span><\/p>\n<p><span style=\"font-size: 14.4px;\">\ud83d\udc95 A proposer \u00e0 partir de 2 ans.<\/span><\/p>\n<p>LE PRIX ABONN\u00c9 C&rsquo;EST QUOI?<br \/>\nVous avez un coup de coeur pour un jouet propos\u00e9 \u00e0 la location?<br \/>\nNous vous proposons de garder chaque jouet lou\u00e9 \u00e0 un prix pr\u00e9f\u00e9rentiel, clairement indiqu\u00e9 sur chaque fiche.<\/p>\n","protected":false},"excerpt":{"rendered":"<p>Jeu des couleurs<\/p>\n<p>\u2764 Pour les enfants d\u00e8s 2 ans<br \/>\n\u2764 6 fiches recto-verso<br \/>\n\u2764 24 pions de couleurs dans leur pochon<\/p>\n","protected":false},"featured_media":6011,"template":"","meta":[],"product_cat":[15],"product_tag":[],"_links":{"self":[{"href":"https:\/\/www.lesjouetsvoyageurs.com\/location\/wp-json\/wp\/v2\/product\/6008"}],"collection":[{"href":"https:\/\/www.lesjouetsvoyageurs.com\/location\/wp-json\/wp\/v2\/product"}],"about":[{"href":"https:\/\/www.lesjouetsvoyageurs.com\/location\/wp-json\/wp\/v2\/types\/product"}],"wp:featuredmedia":[{"embeddable":true,"href":"https:\/\/www.lesjouetsvoyageurs.com\/location\/wp-json\/wp\/v2\/media\/6011"}],"wp:attachment":[{"href":"https:\/\/www.lesjouetsvoyageurs.com\/location\/wp-json\/wp\/v2\/media?parent=6008"}],"wp:term":[{"taxonomy":"product_cat","embeddable":true,"href":"https:\/\/www.lesjouetsvoyageurs.com\/location\/wp-json\/wp\/v2\/product_cat?post=6008"},{"taxonomy":"product_tag","embeddable":true,"href":"https:\/\/www.lesjouetsvoyageurs.com\/location\/wp-json\/wp\/v2\/product_tag?post=6008"}],"curies":[{"name":"wp","href":"https:\/\/api.w.org\/{rel}","templated":true}]}}