{"id":6016,"date":"2022-03-16T18:57:50","date_gmt":"2022-03-16T16:57:50","guid":{"rendered":"https:\/\/www.lesjouetsvoyageurs.com\/?post_type=product&#038;p=6016"},"modified":"2023-04-15T11:29:44","modified_gmt":"2023-04-15T09:29:44","slug":"kikou-le-coucou","status":"publish","type":"product","link":"https:\/\/www.lesjouetsvoyageurs.com\/location\/jouets\/kikou-le-coucou\/","title":{"rendered":"Kikou le coucou &#8211; jeu de construction chancelant de Haba"},"content":{"rendered":"<p>Qui pourra aider kikou le coucou \u00e0 b\u00e2tir un nid pour couver ses oeufs \u00e0 l&rsquo;aide des baguettes? Attention, d\u00e8s que le nid commence \u00e0 prendre forme avec quelques branchages, il faut d\u00e9j\u00e0 poser un oeuf de coucou. Et dans un nid en construction, il n&rsquo;est pas impossible qu&rsquo;un oeuf d\u00e9gringole ! Il faudra beaucoup de doigt\u00e9 et un peu de chance pour poser ses oeufs en premier dans le nid et faire couver kikou le coucou&#8230;<\/p>\n<p>Le jeu contient une bo\u00eete en m\u00e9tal pour tout ranger, 70 baguettes en bois et 20 oeufs de coucou. Une partie dure environ 20 minutes et il est possible de jouer \u00e0 partir de 4 ans.<\/p>\n<p>Envie d&rsquo;en savoir plus sur les engagements de la marque?<br \/>\n\ud83d\udc49 Consultez la pr\u00e9sentation de Haba.<\/p>\n<p><span style=\"font-size: 14.4px;\">\ud83d\udc95 Ce jeu a obtenu l&rsquo;as d&rsquo;or 2017 \u00e0 Cannes !<\/span><\/p>\n<p>LE PRIX ABONN\u00c9 C&rsquo;EST QUOI?<br \/>\nVous avez un coup de coeur pour un jouet propos\u00e9 \u00e0 la location?<br \/>\nNous vous proposons de garder chaque jouet lou\u00e9 \u00e0 un prix pr\u00e9f\u00e9rentiel, clairement indiqu\u00e9 sur chaque fiche.<\/p>\n","protected":false},"excerpt":{"rendered":"<p>Jeu d&rsquo;habilet\u00e9 d\u00e8s 4 ans<\/p>\n<p>\u2764 Se joue de 2 \u00e0 5 joueurs<br \/>\n\u2764 Parties de 15 minutes environ<br \/>\n\u2764 N\u00e9cessite habilet\u00e9 et chance<\/p>\n","protected":false},"featured_media":6017,"template":"","meta":[],"product_cat":[15],"product_tag":[],"_links":{"self":[{"href":"https:\/\/www.lesjouetsvoyageurs.com\/location\/wp-json\/wp\/v2\/product\/6016"}],"collection":[{"href":"https:\/\/www.lesjouetsvoyageurs.com\/location\/wp-json\/wp\/v2\/product"}],"about":[{"href":"https:\/\/www.lesjouetsvoyageurs.com\/location\/wp-json\/wp\/v2\/types\/product"}],"wp:featuredmedia":[{"embeddable":true,"href":"https:\/\/www.lesjouetsvoyageurs.com\/location\/wp-json\/wp\/v2\/media\/6017"}],"wp:attachment":[{"href":"https:\/\/www.lesjouetsvoyageurs.com\/location\/wp-json\/wp\/v2\/media?parent=6016"}],"wp:term":[{"taxonomy":"product_cat","embeddable":true,"href":"https:\/\/www.lesjouetsvoyageurs.com\/location\/wp-json\/wp\/v2\/product_cat?post=6016"},{"taxonomy":"product_tag","embeddable":true,"href":"https:\/\/www.lesjouetsvoyageurs.com\/location\/wp-json\/wp\/v2\/product_tag?post=6016"}],"curies":[{"name":"wp","href":"https:\/\/api.w.org\/{rel}","templated":true}]}}