{"id":6020,"date":"2022-03-16T19:08:42","date_gmt":"2022-03-16T17:08:42","guid":{"rendered":"https:\/\/www.lesjouetsvoyageurs.com\/?post_type=product&#038;p=6020"},"modified":"2022-09-19T08:09:38","modified_gmt":"2022-09-19T06:09:38","slug":"veilleuse-dinosaure","status":"publish","type":"product","link":"https:\/\/www.lesjouetsvoyageurs.com\/location\/jouets\/veilleuse-dinosaure\/","title":{"rendered":"Veilleuse souple Dinosaure &#8211; blanc doux et couleurs changeantes"},"content":{"rendered":"<p>Cette veilleuse souple est parfaite pour accompagner les petits au moment du coucher. La mati\u00e8re tr\u00e8s douce en fait un petit compagnon \u00e0 c\u00e2liner pour s&rsquo;endormir paisiblement. Deux modes lumineux sont disponibles, lumi\u00e8re naturelle ou couleurs changeantes.<\/p>\n<p>La veilleuse dispose d&rsquo;une autonomie d&rsquo;environ 12 heures \u00e0 pleine puissance. Un c\u00e2ble USB est fourni pour le rechargement.<\/p>\n<p>Envie d&rsquo;en savoir plus sur les engagements de la marque?<br \/>\n\ud83d\udc49 Consultez la pr\u00e9sentation de Little L.<\/p>\n<p><span style=\"font-size: 14.4px;\">\ud83d\udc95 Une veilleuse souple pour les tout petits<\/span><\/p>\n<p>LE PRIX ABONN\u00c9 C&rsquo;EST QUOI?<br \/>\nVous avez un coup de coeur pour un jouet propos\u00e9 \u00e0 la location?<br \/>\nNous vous proposons de garder chaque jouet lou\u00e9 \u00e0 un prix pr\u00e9f\u00e9rentiel, clairement indiqu\u00e9 sur chaque fiche.<\/p>\n","protected":false},"excerpt":{"rendered":"<p>Veilleuse souple dinosaure<\/p>\n<p>\u2764 Mati\u00e8re souple et douce au toucher<br \/>\n\u2764 Lumi\u00e8re apaisante pour accompagner le sommeil<br \/>\n\u2764 Convient aux enfants d\u00e8s la naissance<\/p>\n","protected":false},"featured_media":6022,"template":"","meta":[],"product_cat":[15],"product_tag":[],"_links":{"self":[{"href":"https:\/\/www.lesjouetsvoyageurs.com\/location\/wp-json\/wp\/v2\/product\/6020"}],"collection":[{"href":"https:\/\/www.lesjouetsvoyageurs.com\/location\/wp-json\/wp\/v2\/product"}],"about":[{"href":"https:\/\/www.lesjouetsvoyageurs.com\/location\/wp-json\/wp\/v2\/types\/product"}],"wp:featuredmedia":[{"embeddable":true,"href":"https:\/\/www.lesjouetsvoyageurs.com\/location\/wp-json\/wp\/v2\/media\/6022"}],"wp:attachment":[{"href":"https:\/\/www.lesjouetsvoyageurs.com\/location\/wp-json\/wp\/v2\/media?parent=6020"}],"wp:term":[{"taxonomy":"product_cat","embeddable":true,"href":"https:\/\/www.lesjouetsvoyageurs.com\/location\/wp-json\/wp\/v2\/product_cat?post=6020"},{"taxonomy":"product_tag","embeddable":true,"href":"https:\/\/www.lesjouetsvoyageurs.com\/location\/wp-json\/wp\/v2\/product_tag?post=6020"}],"curies":[{"name":"wp","href":"https:\/\/api.w.org\/{rel}","templated":true}]}}