{"id":6034,"date":"2022-03-19T11:19:45","date_gmt":"2022-03-19T09:19:45","guid":{"rendered":"https:\/\/www.lesjouetsvoyageurs.com\/?post_type=product&#038;p=6034"},"modified":"2022-09-18T16:25:26","modified_gmt":"2022-09-18T14:25:26","slug":"philos-toys-grande-balle-canards","status":"publish","type":"product","link":"https:\/\/www.lesjouetsvoyageurs.com\/location\/jouets\/philos-toys-grande-balle-canards\/","title":{"rendered":"Philos Toys &#8211; Grande balle \u00e0 eau 11,5 cm et ses petits canards"},"content":{"rendered":"<p>Cette jolie balle \u00e0 eau d&rsquo;un diam\u00e8tre de 11,5 cm contient 1 grand canard et 2 petits canetons qui flottent dans l&rsquo;eau. Tr\u00e8s solide, elle peut \u00eatre propos\u00e9e \u00e0 b\u00e9b\u00e9 d\u00e8s ses 3 mois. On aime sa double utilisation : \u00e0 faire rouler sur le tapis d&rsquo;\u00e9veil ou \u00e0 faire flotter dans le bain ! Elle est fabriqu\u00e9e en Gr\u00e8ce par l&rsquo;entreprise familiale Philos Toys.<\/p>\n<p>Envie d&rsquo;en savoir plus sur les engagements de la marque?<br \/>\n\ud83d\udc49 Consultez la pr\u00e9sentation de Philos Toys.<\/p>\n<p><span style=\"font-size: 14.4px;\">\ud83d\udc95 Stimule l&rsquo;\u00e9veil de b\u00e9b\u00e9<\/span><\/p>\n<p>Pour les b\u00e9b\u00e9s \u00e0 partir de 3 mois.<\/p>\n<p>LE PRIX ABONN\u00c9 C&rsquo;EST QUOI?<br \/>\nVous avez un coup de coeur pour un jouet propos\u00e9 \u00e0 la location?<br \/>\nNous vous proposons de garder chaque jouet lou\u00e9 \u00e0 un prix pr\u00e9f\u00e9rentiel, clairement indiqu\u00e9 sur chaque fiche.<\/p>\n","protected":false},"excerpt":{"rendered":"<p>Balle \u00e0 eau pour b\u00e9b\u00e9<\/p>\n<p>\u2764 Adapt\u00e9e aux petites mains<br \/>\n\u2764 Fabriqu\u00e9 en Gr\u00e8ce \ud83c\uddec\ud83c\uddf7<br \/>\n\u2764 A proposer \u00e0 partir de 3 mois<\/p>\n","protected":false},"featured_media":6035,"template":"","meta":[],"product_cat":[15],"product_tag":[],"_links":{"self":[{"href":"https:\/\/www.lesjouetsvoyageurs.com\/location\/wp-json\/wp\/v2\/product\/6034"}],"collection":[{"href":"https:\/\/www.lesjouetsvoyageurs.com\/location\/wp-json\/wp\/v2\/product"}],"about":[{"href":"https:\/\/www.lesjouetsvoyageurs.com\/location\/wp-json\/wp\/v2\/types\/product"}],"wp:featuredmedia":[{"embeddable":true,"href":"https:\/\/www.lesjouetsvoyageurs.com\/location\/wp-json\/wp\/v2\/media\/6035"}],"wp:attachment":[{"href":"https:\/\/www.lesjouetsvoyageurs.com\/location\/wp-json\/wp\/v2\/media?parent=6034"}],"wp:term":[{"taxonomy":"product_cat","embeddable":true,"href":"https:\/\/www.lesjouetsvoyageurs.com\/location\/wp-json\/wp\/v2\/product_cat?post=6034"},{"taxonomy":"product_tag","embeddable":true,"href":"https:\/\/www.lesjouetsvoyageurs.com\/location\/wp-json\/wp\/v2\/product_tag?post=6034"}],"curies":[{"name":"wp","href":"https:\/\/api.w.org\/{rel}","templated":true}]}}