{"id":6036,"date":"2022-03-19T11:23:54","date_gmt":"2022-03-19T09:23:54","guid":{"rendered":"https:\/\/www.lesjouetsvoyageurs.com\/?post_type=product&#038;p=6036"},"modified":"2022-09-18T16:25:15","modified_gmt":"2022-09-18T14:25:15","slug":"hochet-souple-trousselier-fruity","status":"publish","type":"product","link":"https:\/\/www.lesjouetsvoyageurs.com\/location\/jouets\/hochet-souple-trousselier-fruity\/","title":{"rendered":"Hochet souple en bois coloris fruity &#8211; Trousselier"},"content":{"rendered":"<p>Ce hochet souple se d\u00e9forme sous la pression des doigts de b\u00e9b\u00e9. Un jouet d&rsquo;\u00e9veil ultra-r\u00e9sistant et facile \u00e0 attraper \u00e0 proposer d\u00e8s 6 mois environ.<\/p>\n<p>Envie d&rsquo;en savoir plus sur les engagements de la marque?<br \/>\n\ud83d\udc49 Consultez la pr\u00e9sentation de Trousselier.<\/p>\n<p><span style=\"font-size: 14.4px;\">\ud83d\udc95 A proposer d\u00e8s 6 mois.<\/span><\/p>\n<p>LE PRIX ABONN\u00c9 C&rsquo;EST QUOI?<br \/>\nVous avez un coup de coeur pour un jouet propos\u00e9 \u00e0 la location?<br \/>\nNous vous proposons de garder chaque jouet lou\u00e9 \u00e0 un prix pr\u00e9f\u00e9rentiel, clairement indiqu\u00e9 sur chaque fiche.<\/p>\n","protected":false},"excerpt":{"rendered":"<p>Hochet souple en bois<\/p>\n<p>\u2764 A proposer d\u00e8s 6 mois<br \/>\n\u2764 Change de forme lorsque b\u00e9b\u00e9 appuie dessus<br \/>\n\u2764 R\u00e9sistant et durable \ud83c\udf3f<\/p>\n","protected":false},"featured_media":6037,"template":"","meta":[],"product_cat":[15],"product_tag":[],"_links":{"self":[{"href":"https:\/\/www.lesjouetsvoyageurs.com\/location\/wp-json\/wp\/v2\/product\/6036"}],"collection":[{"href":"https:\/\/www.lesjouetsvoyageurs.com\/location\/wp-json\/wp\/v2\/product"}],"about":[{"href":"https:\/\/www.lesjouetsvoyageurs.com\/location\/wp-json\/wp\/v2\/types\/product"}],"wp:featuredmedia":[{"embeddable":true,"href":"https:\/\/www.lesjouetsvoyageurs.com\/location\/wp-json\/wp\/v2\/media\/6037"}],"wp:attachment":[{"href":"https:\/\/www.lesjouetsvoyageurs.com\/location\/wp-json\/wp\/v2\/media?parent=6036"}],"wp:term":[{"taxonomy":"product_cat","embeddable":true,"href":"https:\/\/www.lesjouetsvoyageurs.com\/location\/wp-json\/wp\/v2\/product_cat?post=6036"},{"taxonomy":"product_tag","embeddable":true,"href":"https:\/\/www.lesjouetsvoyageurs.com\/location\/wp-json\/wp\/v2\/product_tag?post=6036"}],"curies":[{"name":"wp","href":"https:\/\/api.w.org\/{rel}","templated":true}]}}