{"id":6045,"date":"2022-03-19T12:49:59","date_gmt":"2022-03-19T10:49:59","guid":{"rendered":"https:\/\/www.lesjouetsvoyageurs.com\/?post_type=product&#038;p=6045"},"modified":"2022-09-18T16:22:26","modified_gmt":"2022-09-18T14:22:26","slug":"smoothie-djeco","status":"publish","type":"product","link":"https:\/\/www.lesjouetsvoyageurs.com\/location\/jouets\/smoothie-djeco\/","title":{"rendered":"Smoothie jeu de cartes Djeco d\u00e8s 6 ans"},"content":{"rendered":"<div id=\"product-description-short-2352\" class=\"rte-content\">\n<p>Smoothie est un jeu de cartes de Djeco qui n\u00e9cessite un peu de chance et un zeste de m\u00e9moire pour r\u00e9aliser de d\u00e9licieux smoothies ! Chaque joueur peut utiliser ses propres cartes et celles situ\u00e9es au centre de la table pour r\u00e9aliser ses recettes et remporter la partie.<\/p>\n<\/div>\n<p>\ud83d\udc49 Consultez la pr\u00e9sentation de Djeco.<\/p>\n<p><span style=\"font-size: 14.4px;\">\ud83d\udc95\u00a0 L&rsquo;univers color\u00e9 et fruit\u00e9 de ce jeu<\/span><\/p>\n<p>LE PRIX ABONN\u00c9 C&rsquo;EST QUOI?<br \/>\nVous avez un coup de coeur pour un jouet propos\u00e9 \u00e0 la location?<br \/>\nNous vous proposons de garder chaque jouet lou\u00e9 \u00e0 un prix pr\u00e9f\u00e9rentiel, clairement indiqu\u00e9 sur chaque fiche.<\/p>\n","protected":false},"excerpt":{"rendered":"<p>Jeu de cartes Smoothie<\/p>\n<p>\u2764 Se joue de 6 \u00e0 99 ans<br \/>\n\u2764 Univers color\u00e9 et fruit\u00e9<br \/>\n\u2764 N\u00e9cessite m\u00e9moire et strat\u00e9gie<\/p>\n","protected":false},"featured_media":6047,"template":"","meta":[],"product_cat":[15],"product_tag":[],"_links":{"self":[{"href":"https:\/\/www.lesjouetsvoyageurs.com\/location\/wp-json\/wp\/v2\/product\/6045"}],"collection":[{"href":"https:\/\/www.lesjouetsvoyageurs.com\/location\/wp-json\/wp\/v2\/product"}],"about":[{"href":"https:\/\/www.lesjouetsvoyageurs.com\/location\/wp-json\/wp\/v2\/types\/product"}],"wp:featuredmedia":[{"embeddable":true,"href":"https:\/\/www.lesjouetsvoyageurs.com\/location\/wp-json\/wp\/v2\/media\/6047"}],"wp:attachment":[{"href":"https:\/\/www.lesjouetsvoyageurs.com\/location\/wp-json\/wp\/v2\/media?parent=6045"}],"wp:term":[{"taxonomy":"product_cat","embeddable":true,"href":"https:\/\/www.lesjouetsvoyageurs.com\/location\/wp-json\/wp\/v2\/product_cat?post=6045"},{"taxonomy":"product_tag","embeddable":true,"href":"https:\/\/www.lesjouetsvoyageurs.com\/location\/wp-json\/wp\/v2\/product_tag?post=6045"}],"curies":[{"name":"wp","href":"https:\/\/api.w.org\/{rel}","templated":true}]}}