{"id":6051,"date":"2022-03-19T13:51:51","date_gmt":"2022-03-19T11:51:51","guid":{"rendered":"https:\/\/www.lesjouetsvoyageurs.com\/?post_type=product&#038;p=6051"},"modified":"2024-03-11T22:52:08","modified_gmt":"2024-03-11T20:52:08","slug":"puzzle-duo-maman-bebe","status":"publish","type":"product","link":"https:\/\/www.lesjouetsvoyageurs.com\/location\/jouets\/puzzle-duo-maman-bebe\/","title":{"rendered":"Puzzle Duo Maman et b\u00e9b\u00e9 de Djeco pour les 2 ans et +"},"content":{"rendered":"<div id=\"product-description-short-2352\" class=\"rte-content\">\n<p>Le puzzle duo Maman et b\u00e9b\u00e9 de Djeco est adapt\u00e9 aux enfants \u00e0 partir de 2 ans environ. La bo\u00eete contient 12 puzzles de 2 pi\u00e8ces, soit un total de 24 pi\u00e8ces. Les enfants aimeront d\u00e9couvrir tous les animaux pr\u00e9sents : singes, z\u00e9bres, cam\u00e9l\u00e9ons, ours, rhinoc\u00e9ros, tortues, baleines, flamants roses, pingouins, girafes, chouettes et \u00e9l\u00e9phants&#8230;<\/p>\n<\/div>\n<p>\ud83d\udc49 Consultez la pr\u00e9sentation de Djeco.<\/p>\n<p><span style=\"font-size: 14.4px;\">\ud83d\udc95\u00a0 Le premier puzzle de b\u00e9b\u00e9<\/span><\/p>\n<p>LE PRIX ABONN\u00c9 C&rsquo;EST QUOI?<br \/>\nVous avez un coup de coeur pour un jouet propos\u00e9 \u00e0 la location?<br \/>\nNous vous proposons de garder chaque jouet lou\u00e9 \u00e0 un prix pr\u00e9f\u00e9rentiel, clairement indiqu\u00e9 sur chaque fiche.<\/p>\n","protected":false},"excerpt":{"rendered":"<p>Puzzle duo Maman et b\u00e9b\u00e9<\/p>\n<p>\u2764 A partir de 18 mois \/ 2 ans<br \/>\n\u2764 Premier puzzle de b\u00e9b\u00e9<br \/>\n\u2764 12 animaux \u00e0 d\u00e9couvrir<\/p>\n","protected":false},"featured_media":6052,"template":"","meta":[],"product_cat":[15],"product_tag":[],"_links":{"self":[{"href":"https:\/\/www.lesjouetsvoyageurs.com\/location\/wp-json\/wp\/v2\/product\/6051"}],"collection":[{"href":"https:\/\/www.lesjouetsvoyageurs.com\/location\/wp-json\/wp\/v2\/product"}],"about":[{"href":"https:\/\/www.lesjouetsvoyageurs.com\/location\/wp-json\/wp\/v2\/types\/product"}],"wp:featuredmedia":[{"embeddable":true,"href":"https:\/\/www.lesjouetsvoyageurs.com\/location\/wp-json\/wp\/v2\/media\/6052"}],"wp:attachment":[{"href":"https:\/\/www.lesjouetsvoyageurs.com\/location\/wp-json\/wp\/v2\/media?parent=6051"}],"wp:term":[{"taxonomy":"product_cat","embeddable":true,"href":"https:\/\/www.lesjouetsvoyageurs.com\/location\/wp-json\/wp\/v2\/product_cat?post=6051"},{"taxonomy":"product_tag","embeddable":true,"href":"https:\/\/www.lesjouetsvoyageurs.com\/location\/wp-json\/wp\/v2\/product_tag?post=6051"}],"curies":[{"name":"wp","href":"https:\/\/api.w.org\/{rel}","templated":true}]}}